{"id":1046,"date":"2025-11-18T16:55:29","date_gmt":"2025-11-18T16:55:29","guid":{"rendered":"https:\/\/parkourdortmund.de\/?page_id=1046"},"modified":"2025-11-18T16:55:30","modified_gmt":"2025-11-18T16:55:30","slug":"parkour-convention-2025","status":"publish","type":"page","link":"https:\/\/parkourdortmund.de\/en\/parkour-convention-2025\/","title":{"rendered":"Parkour Convention 2025"},"content":{"rendered":"<p class=\"has-text-align-center\">When winter is coming... our jam is coming, too!<\/p>\n\n\n\n<h5 class=\"wp-block-heading has-text-align-center\">Here are all informations:<\/h5>\n\n\n\n<div class=\"wp-block-group is-content-justification-center is-nowrap is-layout-flex wp-container-core-group-is-layout-94bc23d7 wp-block-group-is-layout-flex\">\n<div class=\"wp-block-outermost-icon-block\"><div class=\"icon-container\" style=\"width:48px;transform:rotate(0deg) scaleX(1) scaleY(1)\"><svg xmlns=\"http:\/\/www.w3.org\/2000\/svg\" viewbox=\"0 0 24 24\" aria-hidden=\"true\"><path d=\"M11.696 13.972c.356-.546.599-.958.728-1.235a1.79 1.79 0 00.203-.783c0-.264-.077-.47-.23-.618-.148-.153-.354-.23-.618-.23-.295 0-.569.07-.82.212a3.413 3.413 0 00-.738.571l-.147-1.188c.289-.234.59-.41.903-.526.313-.117.66-.175 1.041-.175.375 0 .695.08.959.24.264.153.46.362.59.626.135.265.203.556.203.876 0 .362-.08.734-.24 1.115-.154.381-.427.87-.82 1.466l-.756 1.152H14v1.106h-4l1.696-2.609z\"><\/path><path d=\"M19.5 7h-15v12a.5.5 0 00.5.5h14a.5.5 0 00.5-.5V7zM3 7V5a2 2 0 012-2h14a2 2 0 012 2v14a2 2 0 01-2 2H5a2 2 0 01-2-2V7z\"><\/path><\/svg><\/div><\/div>\n\n\n\n<p>29.11.25 (Samstag),<br> 11 am until 7 pm<\/p>\n<\/div>\n\n\n\n<div class=\"wp-block-group is-content-justification-center is-nowrap is-layout-flex wp-container-core-group-is-layout-94bc23d7 wp-block-group-is-layout-flex\">\n<div class=\"wp-block-outermost-icon-block\"><div class=\"icon-container\" style=\"width:48px;transform:rotate(0deg) scaleX(1) scaleY(1)\"><svg xmlns=\"http:\/\/www.w3.org\/2000\/svg\" viewbox=\"0 0 24 24\" aria-hidden=\"true\"><path d=\"M12 9c-.8 0-1.5.7-1.5 1.5S11.2 12 12 12s1.5-.7 1.5-1.5S12.8 9 12 9zm0-5c-3.6 0-6.5 2.8-6.5 6.2 0 .8.3 1.8.9 3.1.5 1.1 1.2 2.3 2 3.6.7 1 3 3.8 3.2 3.9l.4.5.4-.5c.2-.2 2.6-2.9 3.2-3.9.8-1.2 1.5-2.5 2-3.6.6-1.3.9-2.3.9-3.1C18.5 6.8 15.6 4 12 4zm4.3 8.7c-.5 1-1.1 2.2-1.9 3.4-.5.7-1.7 2.2-2.4 3-.7-.8-1.9-2.3-2.4-3-.8-1.2-1.4-2.3-1.9-3.3-.6-1.4-.7-2.2-.7-2.5 0-2.6 2.2-4.7 5-4.7s5 2.1 5 4.7c0 .2-.1 1-.7 2.4z\"><\/path><\/svg><\/div><\/div>\n\n\n\n<p>Skatehalle Dortmund <br>Leopoldstra\u00dfe 50-58, <br>44147 Dortmund<\/p>\n<\/div>\n\n\n\n<p class=\"has-text-align-center\"><strong>Unter 18 Jahren: nur mit unterschriebener Einverst\u00e4ndniserkl\u00e4rung <\/strong><\/p>\n\n\n\n<div class=\"wp-block-group is-content-justification-center is-nowrap is-layout-flex wp-container-core-group-is-layout-94bc23d7 wp-block-group-is-layout-flex\">\n<div class=\"wp-block-file\"><a id=\"wp-block-file--media-886ad634-d19e-4c33-a455-c9c6f16931b5\" href=\"https:\/\/parkourdortmund.de\/wp-content\/uploads\/2025\/11\/Einverstaendniserklaerung-deutsch.pdf\">Einverst\u00e4ndniserkl\u00e4rung (deutsch) 2025<\/a><\/div>\n\n\n\n<div class=\"wp-block-file\"><a id=\"wp-block-file--media-33a560ee-d256-4800-a11f-cc5c707a5fc4\" href=\"https:\/\/parkourdortmund.de\/wp-content\/uploads\/2025\/11\/Einverstaendniserklaerung-englisch.pdf\">Einverst\u00e4ndniserkl\u00e4rung (englisch) 2025<\/a><\/div>\n<\/div>\n\n\n\n<p class=\"has-text-align-center\">minimum age of 12 &amp; free entry<\/p>\n\n\n\n<hr class=\"wp-block-separator has-alpha-channel-opacity\"\/>\n\n\n\n<h5 class=\"wp-block-heading has-text-align-center\">We offer you:<\/h5>\n\n\n\n<ul class=\"wp-block-list\">\n<li>Am 29.11.25 von 11-19 Uhr gibt es in der Skatehalle Dortmund wieder ein volles Programm.<\/li>\n\n\n\n<li>Neben einer gro\u00dfen Hindernislandschaft, nicen Beats und jede Menge Workshops gibt es dieses Jahr auch Kaffee\/Tee und veganes Mittagessen auf Spendenbasis.<\/li>\n\n\n\n<li>Unsere Profi Coaches sind dieses Jahr Noa Diorgina und Remon Lammertijn. Noa gibt einen Workshop zum Thema &#8222;Flow\/Conections&#8220; und Remon zu &#8222;Kong &#8211; Level Up&#8220;.<\/li>\n\n\n\n<li>Au\u00dferdem gibt es auch ein letztes Mal unsere schicken Conventionshirts, kostenlos und so lange der Vorrat reicht.<\/li>\n\n\n\n<li>Wenn du unter 18 Jahren alt bist dann brauchst du eine unterschriebene Einverst\u00e4ndniserkl\u00e4rung deiner Eltern<\/li>\n\n\n\n<li>Komm vorbei und genie\u00df den Vibe der Parkour Convention!<\/li>\n<\/ul>","protected":false},"excerpt":{"rendered":"<p>Der Winter naht&#8230; und somit auch unsere allj\u00e4hrliche Convention! Hier bekommst du alle Infos im \u00dcberblick. 29.11.25 (Samstag), 11:00 \u2013 19:00 Uhr Skatehalle Dortmund Leopoldstra\u00dfe 50-58, 44147 Dortmund Unter 18 Jahren: nur mit unterschriebener Einverst\u00e4ndniserkl\u00e4rung ab 12 Jahren &amp; Eintritt frei Das erwartet dich:<\/p>","protected":false},"author":1,"featured_media":0,"parent":0,"menu_order":0,"comment_status":"closed","ping_status":"closed","template":"","meta":{"pgc_sgb_lightbox_settings":"","footnotes":""},"class_list":["post-1046","page","type-page","status-publish","hentry"],"yoast_head":"<!-- This site is optimized with the Yoast SEO plugin v27.5 - https:\/\/yoast.com\/product\/yoast-seo-wordpress\/ -->\n<title>Parkour Convention 2025 - Parkour Dortmund e.V.<\/title>\n<meta name=\"robots\" content=\"index, follow, max-snippet:-1, max-image-preview:large, max-video-preview:-1\" \/>\n<link rel=\"canonical\" href=\"https:\/\/parkourdortmund.de\/en\/parkour-convention-2025\/\" \/>\n<meta property=\"og:locale\" content=\"en_US\" \/>\n<meta property=\"og:type\" content=\"article\" \/>\n<meta property=\"og:title\" content=\"Parkour Convention 2025 - Parkour Dortmund e.V.\" \/>\n<meta property=\"og:description\" content=\"Der Winter naht&#8230; und somit auch unsere allj\u00e4hrliche Convention! Hier bekommst du alle Infos im \u00dcberblick. 29.11.25 (Samstag), 11:00 \u2013 19:00 Uhr Skatehalle Dortmund Leopoldstra\u00dfe 50-58, 44147 Dortmund Unter 18 Jahren: nur mit unterschriebener Einverst\u00e4ndniserkl\u00e4rung ab 12 Jahren &amp; Eintritt frei Das erwartet dich:\" \/>\n<meta property=\"og:url\" content=\"https:\/\/parkourdortmund.de\/en\/parkour-convention-2025\/\" \/>\n<meta property=\"og:site_name\" content=\"Parkour Dortmund e.V.\" \/>\n<meta property=\"article:modified_time\" content=\"2025-11-18T16:55:30+00:00\" \/>\n<meta name=\"twitter:card\" content=\"summary_large_image\" \/>\n<meta name=\"twitter:label1\" content=\"Est. reading time\" \/>\n\t<meta name=\"twitter:data1\" content=\"1 minute\" \/>\n<script type=\"application\/ld+json\" class=\"yoast-schema-graph\">{\"@context\":\"https:\\\/\\\/schema.org\",\"@graph\":[{\"@type\":\"WebPage\",\"@id\":\"https:\\\/\\\/parkourdortmund.de\\\/parkour-convention-2025\\\/\",\"url\":\"https:\\\/\\\/parkourdortmund.de\\\/parkour-convention-2025\\\/\",\"name\":\"Parkour Convention 2025 - Parkour Dortmund e.V.\",\"isPartOf\":{\"@id\":\"https:\\\/\\\/parkourdortmund.de\\\/#website\"},\"datePublished\":\"2025-11-18T16:55:29+00:00\",\"dateModified\":\"2025-11-18T16:55:30+00:00\",\"breadcrumb\":{\"@id\":\"https:\\\/\\\/parkourdortmund.de\\\/parkour-convention-2025\\\/#breadcrumb\"},\"inLanguage\":\"en-US\",\"potentialAction\":[{\"@type\":\"ReadAction\",\"target\":[\"https:\\\/\\\/parkourdortmund.de\\\/parkour-convention-2025\\\/\"]}]},{\"@type\":\"BreadcrumbList\",\"@id\":\"https:\\\/\\\/parkourdortmund.de\\\/parkour-convention-2025\\\/#breadcrumb\",\"itemListElement\":[{\"@type\":\"ListItem\",\"position\":1,\"name\":\"Startseite\",\"item\":\"https:\\\/\\\/parkourdortmund.de\\\/\"},{\"@type\":\"ListItem\",\"position\":2,\"name\":\"Parkour Convention 2025\"}]},{\"@type\":\"WebSite\",\"@id\":\"https:\\\/\\\/parkourdortmund.de\\\/#website\",\"url\":\"https:\\\/\\\/parkourdortmund.de\\\/\",\"name\":\"Parkour Dortmund e.V.\",\"description\":\"\",\"publisher\":{\"@id\":\"https:\\\/\\\/parkourdortmund.de\\\/#organization\"},\"potentialAction\":[{\"@type\":\"SearchAction\",\"target\":{\"@type\":\"EntryPoint\",\"urlTemplate\":\"https:\\\/\\\/parkourdortmund.de\\\/?s={search_term_string}\"},\"query-input\":{\"@type\":\"PropertyValueSpecification\",\"valueRequired\":true,\"valueName\":\"search_term_string\"}}],\"inLanguage\":\"en-US\"},{\"@type\":\"Organization\",\"@id\":\"https:\\\/\\\/parkourdortmund.de\\\/#organization\",\"name\":\"Parkour Dortmund e.V.\",\"url\":\"https:\\\/\\\/parkourdortmund.de\\\/\",\"logo\":{\"@type\":\"ImageObject\",\"inLanguage\":\"en-US\",\"@id\":\"https:\\\/\\\/parkourdortmund.de\\\/#\\\/schema\\\/logo\\\/image\\\/\",\"url\":\"https:\\\/\\\/parkourdortmund.de\\\/wp-content\\\/uploads\\\/2021\\\/02\\\/pkdo_logo.png\",\"contentUrl\":\"https:\\\/\\\/parkourdortmund.de\\\/wp-content\\\/uploads\\\/2021\\\/02\\\/pkdo_logo.png\",\"width\":834,\"height\":300,\"caption\":\"Parkour Dortmund e.V.\"},\"image\":{\"@id\":\"https:\\\/\\\/parkourdortmund.de\\\/#\\\/schema\\\/logo\\\/image\\\/\"}}]}<\/script>\n<!-- \/ Yoast SEO plugin. -->","yoast_head_json":{"title":"Parkour Convention 2025 - Parkour Dortmund e.V.","robots":{"index":"index","follow":"follow","max-snippet":"max-snippet:-1","max-image-preview":"max-image-preview:large","max-video-preview":"max-video-preview:-1"},"canonical":"https:\/\/parkourdortmund.de\/en\/parkour-convention-2025\/","og_locale":"en_US","og_type":"article","og_title":"Parkour Convention 2025 - Parkour Dortmund e.V.","og_description":"Der Winter naht&#8230; und somit auch unsere allj\u00e4hrliche Convention! Hier bekommst du alle Infos im \u00dcberblick. 29.11.25 (Samstag), 11:00 \u2013 19:00 Uhr Skatehalle Dortmund Leopoldstra\u00dfe 50-58, 44147 Dortmund Unter 18 Jahren: nur mit unterschriebener Einverst\u00e4ndniserkl\u00e4rung ab 12 Jahren &amp; Eintritt frei Das erwartet dich:","og_url":"https:\/\/parkourdortmund.de\/en\/parkour-convention-2025\/","og_site_name":"Parkour Dortmund e.V.","article_modified_time":"2025-11-18T16:55:30+00:00","twitter_card":"summary_large_image","twitter_misc":{"Est. reading time":"1 minute"},"schema":{"@context":"https:\/\/schema.org","@graph":[{"@type":"WebPage","@id":"https:\/\/parkourdortmund.de\/parkour-convention-2025\/","url":"https:\/\/parkourdortmund.de\/parkour-convention-2025\/","name":"Parkour Convention 2025 - Parkour Dortmund e.V.","isPartOf":{"@id":"https:\/\/parkourdortmund.de\/#website"},"datePublished":"2025-11-18T16:55:29+00:00","dateModified":"2025-11-18T16:55:30+00:00","breadcrumb":{"@id":"https:\/\/parkourdortmund.de\/parkour-convention-2025\/#breadcrumb"},"inLanguage":"en-US","potentialAction":[{"@type":"ReadAction","target":["https:\/\/parkourdortmund.de\/parkour-convention-2025\/"]}]},{"@type":"BreadcrumbList","@id":"https:\/\/parkourdortmund.de\/parkour-convention-2025\/#breadcrumb","itemListElement":[{"@type":"ListItem","position":1,"name":"Startseite","item":"https:\/\/parkourdortmund.de\/"},{"@type":"ListItem","position":2,"name":"Parkour Convention 2025"}]},{"@type":"WebSite","@id":"https:\/\/parkourdortmund.de\/#website","url":"https:\/\/parkourdortmund.de\/","name":"Parkour Dortmund e.V.","description":"","publisher":{"@id":"https:\/\/parkourdortmund.de\/#organization"},"potentialAction":[{"@type":"SearchAction","target":{"@type":"EntryPoint","urlTemplate":"https:\/\/parkourdortmund.de\/?s={search_term_string}"},"query-input":{"@type":"PropertyValueSpecification","valueRequired":true,"valueName":"search_term_string"}}],"inLanguage":"en-US"},{"@type":"Organization","@id":"https:\/\/parkourdortmund.de\/#organization","name":"Parkour Dortmund e.V.","url":"https:\/\/parkourdortmund.de\/","logo":{"@type":"ImageObject","inLanguage":"en-US","@id":"https:\/\/parkourdortmund.de\/#\/schema\/logo\/image\/","url":"https:\/\/parkourdortmund.de\/wp-content\/uploads\/2021\/02\/pkdo_logo.png","contentUrl":"https:\/\/parkourdortmund.de\/wp-content\/uploads\/2021\/02\/pkdo_logo.png","width":834,"height":300,"caption":"Parkour Dortmund e.V."},"image":{"@id":"https:\/\/parkourdortmund.de\/#\/schema\/logo\/image\/"}}]}},"_links":{"self":[{"href":"https:\/\/parkourdortmund.de\/en\/wp-json\/wp\/v2\/pages\/1046","targetHints":{"allow":["GET"]}}],"collection":[{"href":"https:\/\/parkourdortmund.de\/en\/wp-json\/wp\/v2\/pages"}],"about":[{"href":"https:\/\/parkourdortmund.de\/en\/wp-json\/wp\/v2\/types\/page"}],"author":[{"embeddable":true,"href":"https:\/\/parkourdortmund.de\/en\/wp-json\/wp\/v2\/users\/1"}],"replies":[{"embeddable":true,"href":"https:\/\/parkourdortmund.de\/en\/wp-json\/wp\/v2\/comments?post=1046"}],"version-history":[{"count":3,"href":"https:\/\/parkourdortmund.de\/en\/wp-json\/wp\/v2\/pages\/1046\/revisions"}],"predecessor-version":[{"id":1051,"href":"https:\/\/parkourdortmund.de\/en\/wp-json\/wp\/v2\/pages\/1046\/revisions\/1051"}],"wp:attachment":[{"href":"https:\/\/parkourdortmund.de\/en\/wp-json\/wp\/v2\/media?parent=1046"}],"curies":[{"name":"wp","href":"https:\/\/api.w.org\/{rel}","templated":true}]}}