{"id":205,"date":"2021-02-24T10:38:32","date_gmt":"2021-02-24T10:38:32","guid":{"rendered":"https:\/\/parkourdortmund.de\/?page_id=205"},"modified":"2026-03-01T15:02:35","modified_gmt":"2026-03-01T15:02:35","slug":"hier-entsteht-die-webseite-von-parkour-dortmund-e-v","status":"publish","type":"page","link":"https:\/\/parkourdortmund.de\/en\/","title":{"rendered":"Parkour Dortmund e.V."},"content":{"rendered":"<p class=\"has-text-align-center\"><strong>Herzlich Willkommen beim Parkour Dortmund e.V.<\/strong><\/p>\n\n\n\n<p class=\"has-text-align-center\">Du interessierst dich f\u00fcr Parkour und Freerunning? Dann bist du bei uns genau richtig! Wir bieten Trainings, Workshops, Jams und vieles mehr. Als gemeinn\u00fctziger Verein setzen wir uns f\u00fcr die F\u00f6rderung und Weiterentwicklung des Parkoursports in Dortmund ein.<\/p>\n\n\n\n<p class=\"has-text-align-center\">Take a look around and feel free to contact us to hop along.<\/p>\n\n\n\n<div class=\"wp-block-group is-content-justification-center is-nowrap is-layout-flex wp-container-core-group-is-layout-94bc23d7 wp-block-group-is-layout-flex\">\n<div class=\"wp-block-buttons is-layout-flex wp-block-buttons-is-layout-flex\">\n<div class=\"wp-block-button\"><a class=\"wp-block-button__link wp-element-button\" href=\"https:\/\/parkourdortmund.de\/en\/training\/\">Aktuelle Trainingszeiten<\/a><\/div>\n<\/div>\n<\/div>\n\n\n\n<hr class=\"wp-block-separator has-alpha-channel-opacity\"\/>\n\n\n\n<h2 class=\"wp-block-heading has-text-align-center\">News<\/h2>\n\n\n<ul class=\"wp-block-latest-posts__list has-dates aligncenter wp-block-latest-posts\"><li><a class=\"wp-block-latest-posts__post-title\" href=\"https:\/\/parkourdortmund.de\/en\/aktuelles\/bis-auf-weiteres-koennen-wir-leider-kein-kindertraining-mehr-anbieten\/\">Bis auf weiteres k\u00f6nnen wir leider kein Kindertraining mehr anbieten!<\/a><time datetime=\"\" class=\"wp-block-latest-posts__post-date\"><\/time><\/li>\n<li><a class=\"wp-block-latest-posts__post-title\" href=\"https:\/\/parkourdortmund.de\/en\/aktuelles\/parkour-convention-2025\/\">Parkour Convention 2025<\/a><time datetime=\"\" class=\"wp-block-latest-posts__post-date\"><\/time><\/li>\n<li><a class=\"wp-block-latest-posts__post-title\" href=\"https:\/\/parkourdortmund.de\/en\/aktuelles\/dortbunt-2025-parkour-jam-am-stadtgarten-dortmund\/\">DortBunt 2025: Parkour Jam am Stadtgarten Dortmund<\/a><time datetime=\"\" class=\"wp-block-latest-posts__post-date\"><\/time><\/li>\n<\/ul>\n\n\n<hr class=\"wp-block-separator has-alpha-channel-opacity\"\/>\n\n\n\n<p class=\"has-text-align-center\">We look forward to seeing you \ud83d\ude42<\/p>","protected":false},"excerpt":{"rendered":"<p>Herzlich Willkommen beim Parkour Dortmund e.V. Du interessierst dich f\u00fcr Parkour und Freerunning? Dann bist du bei uns genau richtig! Wir bieten Trainings, Workshops, Jams und vieles mehr. Als gemeinn\u00fctziger Verein setzen wir uns f\u00fcr die F\u00f6rderung und Weiterentwicklung des Parkoursports in Dortmund ein. Schau dich um und kontaktiere uns gerne wenn du mithopsen willst. [&hellip;]<\/p>\n","protected":false},"author":1,"featured_media":7,"parent":0,"menu_order":0,"comment_status":"closed","ping_status":"closed","template":"templates\/template-cover.php","meta":{"pgc_sgb_lightbox_settings":"","footnotes":""},"class_list":["post-205","page","type-page","status-publish","has-post-thumbnail","hentry"],"yoast_head":"<!-- This site is optimized with the Yoast SEO plugin v27.5 - https:\/\/yoast.com\/product\/yoast-seo-wordpress\/ -->\n<title>Parkour Dortmund e.V. - Parkour Dortmund e.V.<\/title>\n<meta name=\"robots\" content=\"index, follow, max-snippet:-1, max-image-preview:large, max-video-preview:-1\" \/>\n<link rel=\"canonical\" href=\"https:\/\/parkourdortmund.de\/en\/\" \/>\n<meta property=\"og:locale\" content=\"en_US\" \/>\n<meta property=\"og:type\" content=\"article\" \/>\n<meta property=\"og:title\" content=\"Parkour Dortmund e.V. - Parkour Dortmund e.V.\" \/>\n<meta property=\"og:description\" content=\"Herzlich Willkommen beim Parkour Dortmund e.V. Du interessierst dich f\u00fcr Parkour und Freerunning? Dann bist du bei uns genau richtig! Wir bieten Trainings, Workshops, Jams und vieles mehr. Als gemeinn\u00fctziger Verein setzen wir uns f\u00fcr die F\u00f6rderung und Weiterentwicklung des Parkoursports in Dortmund ein. Schau dich um und kontaktiere uns gerne wenn du mithopsen willst. [&hellip;]\" \/>\n<meta property=\"og:url\" content=\"https:\/\/parkourdortmund.de\/en\/\" \/>\n<meta property=\"og:site_name\" content=\"Parkour Dortmund e.V.\" \/>\n<meta property=\"article:modified_time\" content=\"2026-03-01T15:02:35+00:00\" \/>\n<meta property=\"og:image\" content=\"https:\/\/parkourdortmund.de\/wp-content\/uploads\/2021\/02\/P1088076-scaled.jpg\" \/>\n\t<meta property=\"og:image:width\" content=\"2560\" \/>\n\t<meta property=\"og:image:height\" content=\"1440\" \/>\n\t<meta property=\"og:image:type\" content=\"image\/jpeg\" \/>\n<meta name=\"twitter:card\" content=\"summary_large_image\" \/>\n<script type=\"application\/ld+json\" class=\"yoast-schema-graph\">{\"@context\":\"https:\\\/\\\/schema.org\",\"@graph\":[{\"@type\":\"WebPage\",\"@id\":\"https:\\\/\\\/parkourdortmund.de\\\/\",\"url\":\"https:\\\/\\\/parkourdortmund.de\\\/\",\"name\":\"Parkour Dortmund e.V. - Parkour Dortmund e.V.\",\"isPartOf\":{\"@id\":\"https:\\\/\\\/parkourdortmund.de\\\/#website\"},\"primaryImageOfPage\":{\"@id\":\"https:\\\/\\\/parkourdortmund.de\\\/#primaryimage\"},\"image\":{\"@id\":\"https:\\\/\\\/parkourdortmund.de\\\/#primaryimage\"},\"thumbnailUrl\":\"https:\\\/\\\/parkourdortmund.de\\\/wp-content\\\/uploads\\\/2021\\\/02\\\/P1088076-scaled.jpg\",\"datePublished\":\"2021-02-24T10:38:32+00:00\",\"dateModified\":\"2026-03-01T15:02:35+00:00\",\"breadcrumb\":{\"@id\":\"https:\\\/\\\/parkourdortmund.de\\\/#breadcrumb\"},\"inLanguage\":\"en-US\",\"potentialAction\":[{\"@type\":\"ReadAction\",\"target\":[\"https:\\\/\\\/parkourdortmund.de\\\/\"]}]},{\"@type\":\"ImageObject\",\"inLanguage\":\"en-US\",\"@id\":\"https:\\\/\\\/parkourdortmund.de\\\/#primaryimage\",\"url\":\"https:\\\/\\\/parkourdortmund.de\\\/wp-content\\\/uploads\\\/2021\\\/02\\\/P1088076-scaled.jpg\",\"contentUrl\":\"https:\\\/\\\/parkourdortmund.de\\\/wp-content\\\/uploads\\\/2021\\\/02\\\/P1088076-scaled.jpg\",\"width\":2560,\"height\":1440},{\"@type\":\"BreadcrumbList\",\"@id\":\"https:\\\/\\\/parkourdortmund.de\\\/#breadcrumb\",\"itemListElement\":[{\"@type\":\"ListItem\",\"position\":1,\"name\":\"Startseite\",\"item\":\"https:\\\/\\\/parkourdortmund.de\\\/\"},{\"@type\":\"ListItem\",\"position\":2,\"name\":\"Parkour Dortmund e.V.\"}]},{\"@type\":\"WebSite\",\"@id\":\"https:\\\/\\\/parkourdortmund.de\\\/#website\",\"url\":\"https:\\\/\\\/parkourdortmund.de\\\/\",\"name\":\"Parkour Dortmund e.V.\",\"description\":\"\",\"publisher\":{\"@id\":\"https:\\\/\\\/parkourdortmund.de\\\/#organization\"},\"potentialAction\":[{\"@type\":\"SearchAction\",\"target\":{\"@type\":\"EntryPoint\",\"urlTemplate\":\"https:\\\/\\\/parkourdortmund.de\\\/?s={search_term_string}\"},\"query-input\":{\"@type\":\"PropertyValueSpecification\",\"valueRequired\":true,\"valueName\":\"search_term_string\"}}],\"inLanguage\":\"en-US\"},{\"@type\":\"Organization\",\"@id\":\"https:\\\/\\\/parkourdortmund.de\\\/#organization\",\"name\":\"Parkour Dortmund e.V.\",\"url\":\"https:\\\/\\\/parkourdortmund.de\\\/\",\"logo\":{\"@type\":\"ImageObject\",\"inLanguage\":\"en-US\",\"@id\":\"https:\\\/\\\/parkourdortmund.de\\\/#\\\/schema\\\/logo\\\/image\\\/\",\"url\":\"https:\\\/\\\/parkourdortmund.de\\\/wp-content\\\/uploads\\\/2021\\\/02\\\/pkdo_logo.png\",\"contentUrl\":\"https:\\\/\\\/parkourdortmund.de\\\/wp-content\\\/uploads\\\/2021\\\/02\\\/pkdo_logo.png\",\"width\":834,\"height\":300,\"caption\":\"Parkour Dortmund e.V.\"},\"image\":{\"@id\":\"https:\\\/\\\/parkourdortmund.de\\\/#\\\/schema\\\/logo\\\/image\\\/\"}}]}<\/script>\n<!-- \/ Yoast SEO plugin. -->","yoast_head_json":{"title":"Parkour Dortmund e.V. - Parkour Dortmund e.V.","robots":{"index":"index","follow":"follow","max-snippet":"max-snippet:-1","max-image-preview":"max-image-preview:large","max-video-preview":"max-video-preview:-1"},"canonical":"https:\/\/parkourdortmund.de\/en\/","og_locale":"en_US","og_type":"article","og_title":"Parkour Dortmund e.V. - Parkour Dortmund e.V.","og_description":"Herzlich Willkommen beim Parkour Dortmund e.V. Du interessierst dich f\u00fcr Parkour und Freerunning? Dann bist du bei uns genau richtig! Wir bieten Trainings, Workshops, Jams und vieles mehr. Als gemeinn\u00fctziger Verein setzen wir uns f\u00fcr die F\u00f6rderung und Weiterentwicklung des Parkoursports in Dortmund ein. Schau dich um und kontaktiere uns gerne wenn du mithopsen willst. [&hellip;]","og_url":"https:\/\/parkourdortmund.de\/en\/","og_site_name":"Parkour Dortmund e.V.","article_modified_time":"2026-03-01T15:02:35+00:00","og_image":[{"width":2560,"height":1440,"url":"https:\/\/parkourdortmund.de\/wp-content\/uploads\/2021\/02\/P1088076-scaled.jpg","type":"image\/jpeg"}],"twitter_card":"summary_large_image","schema":{"@context":"https:\/\/schema.org","@graph":[{"@type":"WebPage","@id":"https:\/\/parkourdortmund.de\/","url":"https:\/\/parkourdortmund.de\/","name":"Parkour Dortmund e.V. - Parkour Dortmund e.V.","isPartOf":{"@id":"https:\/\/parkourdortmund.de\/#website"},"primaryImageOfPage":{"@id":"https:\/\/parkourdortmund.de\/#primaryimage"},"image":{"@id":"https:\/\/parkourdortmund.de\/#primaryimage"},"thumbnailUrl":"https:\/\/parkourdortmund.de\/wp-content\/uploads\/2021\/02\/P1088076-scaled.jpg","datePublished":"2021-02-24T10:38:32+00:00","dateModified":"2026-03-01T15:02:35+00:00","breadcrumb":{"@id":"https:\/\/parkourdortmund.de\/#breadcrumb"},"inLanguage":"en-US","potentialAction":[{"@type":"ReadAction","target":["https:\/\/parkourdortmund.de\/"]}]},{"@type":"ImageObject","inLanguage":"en-US","@id":"https:\/\/parkourdortmund.de\/#primaryimage","url":"https:\/\/parkourdortmund.de\/wp-content\/uploads\/2021\/02\/P1088076-scaled.jpg","contentUrl":"https:\/\/parkourdortmund.de\/wp-content\/uploads\/2021\/02\/P1088076-scaled.jpg","width":2560,"height":1440},{"@type":"BreadcrumbList","@id":"https:\/\/parkourdortmund.de\/#breadcrumb","itemListElement":[{"@type":"ListItem","position":1,"name":"Startseite","item":"https:\/\/parkourdortmund.de\/"},{"@type":"ListItem","position":2,"name":"Parkour Dortmund e.V."}]},{"@type":"WebSite","@id":"https:\/\/parkourdortmund.de\/#website","url":"https:\/\/parkourdortmund.de\/","name":"Parkour Dortmund e.V.","description":"","publisher":{"@id":"https:\/\/parkourdortmund.de\/#organization"},"potentialAction":[{"@type":"SearchAction","target":{"@type":"EntryPoint","urlTemplate":"https:\/\/parkourdortmund.de\/?s={search_term_string}"},"query-input":{"@type":"PropertyValueSpecification","valueRequired":true,"valueName":"search_term_string"}}],"inLanguage":"en-US"},{"@type":"Organization","@id":"https:\/\/parkourdortmund.de\/#organization","name":"Parkour Dortmund e.V.","url":"https:\/\/parkourdortmund.de\/","logo":{"@type":"ImageObject","inLanguage":"en-US","@id":"https:\/\/parkourdortmund.de\/#\/schema\/logo\/image\/","url":"https:\/\/parkourdortmund.de\/wp-content\/uploads\/2021\/02\/pkdo_logo.png","contentUrl":"https:\/\/parkourdortmund.de\/wp-content\/uploads\/2021\/02\/pkdo_logo.png","width":834,"height":300,"caption":"Parkour Dortmund e.V."},"image":{"@id":"https:\/\/parkourdortmund.de\/#\/schema\/logo\/image\/"}}]}},"_links":{"self":[{"href":"https:\/\/parkourdortmund.de\/en\/wp-json\/wp\/v2\/pages\/205","targetHints":{"allow":["GET"]}}],"collection":[{"href":"https:\/\/parkourdortmund.de\/en\/wp-json\/wp\/v2\/pages"}],"about":[{"href":"https:\/\/parkourdortmund.de\/en\/wp-json\/wp\/v2\/types\/page"}],"author":[{"embeddable":true,"href":"https:\/\/parkourdortmund.de\/en\/wp-json\/wp\/v2\/users\/1"}],"replies":[{"embeddable":true,"href":"https:\/\/parkourdortmund.de\/en\/wp-json\/wp\/v2\/comments?post=205"}],"version-history":[{"count":19,"href":"https:\/\/parkourdortmund.de\/en\/wp-json\/wp\/v2\/pages\/205\/revisions"}],"predecessor-version":[{"id":1085,"href":"https:\/\/parkourdortmund.de\/en\/wp-json\/wp\/v2\/pages\/205\/revisions\/1085"}],"wp:featuredmedia":[{"embeddable":true,"href":"https:\/\/parkourdortmund.de\/en\/wp-json\/wp\/v2\/media\/7"}],"wp:attachment":[{"href":"https:\/\/parkourdortmund.de\/en\/wp-json\/wp\/v2\/media?parent=205"}],"curies":[{"name":"wp","href":"https:\/\/api.w.org\/{rel}","templated":true}]}}