{"id":230,"date":"2021-02-24T15:40:04","date_gmt":"2021-02-24T15:40:04","guid":{"rendered":"https:\/\/parkourdortmund.de\/?page_id=230"},"modified":"2023-09-17T12:00:54","modified_gmt":"2023-09-17T12:00:54","slug":"mitglied","status":"publish","type":"page","link":"https:\/\/parkourdortmund.de\/en\/mitglied\/","title":{"rendered":"Become a member"},"content":{"rendered":"<figure class=\"wp-block-image size-large\"><img loading=\"lazy\" decoding=\"async\" width=\"1024\" height=\"683\" src=\"https:\/\/parkourdortmund.de\/wp-content\/uploads\/2021\/03\/P1088506-1024x683.jpg\" alt=\"\" class=\"wp-image-336\" srcset=\"https:\/\/parkourdortmund.de\/wp-content\/uploads\/2021\/03\/P1088506-1024x683.jpg 1024w, https:\/\/parkourdortmund.de\/wp-content\/uploads\/2021\/03\/P1088506-300x200.jpg 300w, https:\/\/parkourdortmund.de\/wp-content\/uploads\/2021\/03\/P1088506-768x512.jpg 768w, https:\/\/parkourdortmund.de\/wp-content\/uploads\/2021\/03\/P1088506-1536x1024.jpg 1536w, https:\/\/parkourdortmund.de\/wp-content\/uploads\/2021\/03\/P1088506-2048x1365.jpg 2048w, https:\/\/parkourdortmund.de\/wp-content\/uploads\/2021\/03\/P1088506-1200x800.jpg 1200w, https:\/\/parkourdortmund.de\/wp-content\/uploads\/2021\/03\/P1088506-1980x1320.jpg 1980w\" sizes=\"auto, (max-width: 1024px) 100vw, 1024px\" \/><\/figure>\n\n\n\n<p>You want to get actively involved with us and help us to make Parkour better known in Dortmund? Then join us as a member and support us in the further development of the club, the co-design of parkour facilities and much more!<\/p>\n\n\n\n<p><strong>Your benefits as a member:<\/strong><\/p>\n\n\n\n<ul class=\"wp-block-list\">\n<li>Official club training times in the skate hall and outdoors<\/li>\n\n\n\n<li>Participation and voting rights in all association matters<\/li>\n\n\n\n<li>Exclusive events, trips and jams for members<\/li>\n\n\n\n<li>Parkour Dortmund e. V. clothing<\/li>\n\n\n\n<li>Background information and updates on Parkour in and around Dortmund<\/li>\n\n\n\n<li>Twice a year you will receive the latest Hopser News issue by e-mail<\/li>\n\n\n\n<li>Get involved in working groups on projects and contribute your ideas! (e.g. in the design of parkour facilities, design of club clothing, organization of events).<\/li>\n<\/ul>\n\n\n\n<p><\/p>\n\n\n\n<p><strong>Overview of membership fees:<\/strong><\/p>\n\n\n\n<figure class=\"wp-block-table\"><table><tbody><tr><td>Admission fee<\/td><td>5,00 \u20ac one time<\/td><\/tr><tr><td>Children and teenagers (from 12 years)<\/td><td>3,00 \u20ac monthly<\/td><td>36,00 \u20ac annually<\/td><\/tr><tr><td>Students, apprentices, socially disadvantaged people<\/td><td>4,00 \u20ac monthly<\/td><td>48,00 \u20ac annually<\/td><\/tr><tr><td>Adults (from 18 years)<\/td><td>5,00 \u20ac monthly<\/td><td>60,00 \u20ac annually<\/td><\/tr><\/tbody><\/table><figcaption class=\"wp-element-caption\">The membership fees and the one-time admission fee are collected via SEPA direct debit. You can find all details about the membership fees in our <a href=\"https:\/\/parkourdortmund.de\/wp-content\/uploads\/2021\/04\/Beitragsordnung_20191203.pdf\" data-type=\"URL\" data-id=\"https:\/\/parkourdortmund.de\/wp-content\/uploads\/2021\/04\/Beitragsordnung_20191203.pdf\" target=\"_blank\" rel=\"noreferrer noopener\">Rules of contribution (in german language)<\/a>.<\/figcaption><\/figure>\n\n\n\n<p>If you want to become a member of Parkour Dortmund e. V., fill in our <a href=\"https:\/\/parkourdortmund.de\/wp-content\/uploads\/2021\/04\/21_03_07_Mitgliedschaftsantrag.pdf\" target=\"_blank\" rel=\"noreferrer noopener\">membership application (in german language)<\/a> . You can find more information about the structure and the tasks of the association in our <a href=\"https:\/\/parkourdortmund.de\/wp-content\/uploads\/2021\/04\/Satzung_Parkour_Dortmund_LSB_20191203.pdf\" target=\"_blank\" rel=\"noreferrer noopener\">statutes (in german language)<\/a>.<\/p>","protected":false},"excerpt":{"rendered":"<p>Du m\u00f6chtest dich aktiv bei uns einbringen und uns helfen Parkour in Dortmund bekannter zu machen? Dann tritt uns doch als Mitglied bei und unterst\u00fctze uns bei der Weiterentwicklung des Vereins, der Mitgestaltung von Parkouranlagen und vielem mehr! Deine Vorteile als Vereinsmitglied: \u00dcbersicht \u00fcber Mitgliedsbeitr\u00e4ge: Aufnahmegeb\u00fchr 5,00 \u20ac einmalig Kinder und Jugendliche (ab 12 Jahren) [&hellip;]<\/p>\n","protected":false},"author":3,"featured_media":0,"parent":0,"menu_order":0,"comment_status":"closed","ping_status":"closed","template":"","meta":{"pgc_sgb_lightbox_settings":"","footnotes":""},"class_list":["post-230","page","type-page","status-publish","hentry"],"yoast_head":"<!-- This site is optimized with the Yoast SEO plugin v27.5 - https:\/\/yoast.com\/product\/yoast-seo-wordpress\/ -->\n<title>Mitglied werden - Parkour Dortmund e.V.<\/title>\n<meta name=\"robots\" content=\"index, follow, max-snippet:-1, max-image-preview:large, max-video-preview:-1\" \/>\n<link rel=\"canonical\" href=\"https:\/\/parkourdortmund.de\/en\/mitglied\/\" \/>\n<meta property=\"og:locale\" content=\"en_US\" \/>\n<meta property=\"og:type\" content=\"article\" \/>\n<meta property=\"og:title\" content=\"Mitglied werden - Parkour Dortmund e.V.\" \/>\n<meta property=\"og:description\" content=\"Du m\u00f6chtest dich aktiv bei uns einbringen und uns helfen Parkour in Dortmund bekannter zu machen? Dann tritt uns doch als Mitglied bei und unterst\u00fctze uns bei der Weiterentwicklung des Vereins, der Mitgestaltung von Parkouranlagen und vielem mehr! Deine Vorteile als Vereinsmitglied: \u00dcbersicht \u00fcber Mitgliedsbeitr\u00e4ge: Aufnahmegeb\u00fchr 5,00 \u20ac einmalig Kinder und Jugendliche (ab 12 Jahren) [&hellip;]\" \/>\n<meta property=\"og:url\" content=\"https:\/\/parkourdortmund.de\/en\/mitglied\/\" \/>\n<meta property=\"og:site_name\" content=\"Parkour Dortmund e.V.\" \/>\n<meta property=\"article:modified_time\" content=\"2023-09-17T12:00:54+00:00\" \/>\n<meta property=\"og:image\" content=\"https:\/\/parkourdortmund.de\/wp-content\/uploads\/2021\/03\/P1088506-1024x683.jpg\" \/>\n<meta name=\"twitter:card\" content=\"summary_large_image\" \/>\n<meta name=\"twitter:label1\" content=\"Est. reading time\" \/>\n\t<meta name=\"twitter:data1\" content=\"1 minute\" \/>\n<script type=\"application\/ld+json\" class=\"yoast-schema-graph\">{\"@context\":\"https:\\\/\\\/schema.org\",\"@graph\":[{\"@type\":\"WebPage\",\"@id\":\"https:\\\/\\\/parkourdortmund.de\\\/mitglied\\\/\",\"url\":\"https:\\\/\\\/parkourdortmund.de\\\/mitglied\\\/\",\"name\":\"Mitglied werden - Parkour Dortmund e.V.\",\"isPartOf\":{\"@id\":\"https:\\\/\\\/parkourdortmund.de\\\/#website\"},\"primaryImageOfPage\":{\"@id\":\"https:\\\/\\\/parkourdortmund.de\\\/mitglied\\\/#primaryimage\"},\"image\":{\"@id\":\"https:\\\/\\\/parkourdortmund.de\\\/mitglied\\\/#primaryimage\"},\"thumbnailUrl\":\"https:\\\/\\\/parkourdortmund.de\\\/wp-content\\\/uploads\\\/2021\\\/03\\\/P1088506-1024x683.jpg\",\"datePublished\":\"2021-02-24T15:40:04+00:00\",\"dateModified\":\"2023-09-17T12:00:54+00:00\",\"breadcrumb\":{\"@id\":\"https:\\\/\\\/parkourdortmund.de\\\/mitglied\\\/#breadcrumb\"},\"inLanguage\":\"en-US\",\"potentialAction\":[{\"@type\":\"ReadAction\",\"target\":[\"https:\\\/\\\/parkourdortmund.de\\\/mitglied\\\/\"]}]},{\"@type\":\"ImageObject\",\"inLanguage\":\"en-US\",\"@id\":\"https:\\\/\\\/parkourdortmund.de\\\/mitglied\\\/#primaryimage\",\"url\":\"https:\\\/\\\/parkourdortmund.de\\\/wp-content\\\/uploads\\\/2021\\\/03\\\/P1088506-1024x683.jpg\",\"contentUrl\":\"https:\\\/\\\/parkourdortmund.de\\\/wp-content\\\/uploads\\\/2021\\\/03\\\/P1088506-1024x683.jpg\"},{\"@type\":\"BreadcrumbList\",\"@id\":\"https:\\\/\\\/parkourdortmund.de\\\/mitglied\\\/#breadcrumb\",\"itemListElement\":[{\"@type\":\"ListItem\",\"position\":1,\"name\":\"Startseite\",\"item\":\"https:\\\/\\\/parkourdortmund.de\\\/\"},{\"@type\":\"ListItem\",\"position\":2,\"name\":\"Mitglied werden\"}]},{\"@type\":\"WebSite\",\"@id\":\"https:\\\/\\\/parkourdortmund.de\\\/#website\",\"url\":\"https:\\\/\\\/parkourdortmund.de\\\/\",\"name\":\"Parkour Dortmund e.V.\",\"description\":\"\",\"publisher\":{\"@id\":\"https:\\\/\\\/parkourdortmund.de\\\/#organization\"},\"potentialAction\":[{\"@type\":\"SearchAction\",\"target\":{\"@type\":\"EntryPoint\",\"urlTemplate\":\"https:\\\/\\\/parkourdortmund.de\\\/?s={search_term_string}\"},\"query-input\":{\"@type\":\"PropertyValueSpecification\",\"valueRequired\":true,\"valueName\":\"search_term_string\"}}],\"inLanguage\":\"en-US\"},{\"@type\":\"Organization\",\"@id\":\"https:\\\/\\\/parkourdortmund.de\\\/#organization\",\"name\":\"Parkour Dortmund e.V.\",\"url\":\"https:\\\/\\\/parkourdortmund.de\\\/\",\"logo\":{\"@type\":\"ImageObject\",\"inLanguage\":\"en-US\",\"@id\":\"https:\\\/\\\/parkourdortmund.de\\\/#\\\/schema\\\/logo\\\/image\\\/\",\"url\":\"https:\\\/\\\/parkourdortmund.de\\\/wp-content\\\/uploads\\\/2021\\\/02\\\/pkdo_logo.png\",\"contentUrl\":\"https:\\\/\\\/parkourdortmund.de\\\/wp-content\\\/uploads\\\/2021\\\/02\\\/pkdo_logo.png\",\"width\":834,\"height\":300,\"caption\":\"Parkour Dortmund e.V.\"},\"image\":{\"@id\":\"https:\\\/\\\/parkourdortmund.de\\\/#\\\/schema\\\/logo\\\/image\\\/\"}}]}<\/script>\n<!-- \/ Yoast SEO plugin. -->","yoast_head_json":{"title":"Mitglied werden - Parkour Dortmund e.V.","robots":{"index":"index","follow":"follow","max-snippet":"max-snippet:-1","max-image-preview":"max-image-preview:large","max-video-preview":"max-video-preview:-1"},"canonical":"https:\/\/parkourdortmund.de\/en\/mitglied\/","og_locale":"en_US","og_type":"article","og_title":"Mitglied werden - Parkour Dortmund e.V.","og_description":"Du m\u00f6chtest dich aktiv bei uns einbringen und uns helfen Parkour in Dortmund bekannter zu machen? Dann tritt uns doch als Mitglied bei und unterst\u00fctze uns bei der Weiterentwicklung des Vereins, der Mitgestaltung von Parkouranlagen und vielem mehr! Deine Vorteile als Vereinsmitglied: \u00dcbersicht \u00fcber Mitgliedsbeitr\u00e4ge: Aufnahmegeb\u00fchr 5,00 \u20ac einmalig Kinder und Jugendliche (ab 12 Jahren) [&hellip;]","og_url":"https:\/\/parkourdortmund.de\/en\/mitglied\/","og_site_name":"Parkour Dortmund e.V.","article_modified_time":"2023-09-17T12:00:54+00:00","og_image":[{"url":"https:\/\/parkourdortmund.de\/wp-content\/uploads\/2021\/03\/P1088506-1024x683.jpg","type":"","width":"","height":""}],"twitter_card":"summary_large_image","twitter_misc":{"Est. reading time":"1 minute"},"schema":{"@context":"https:\/\/schema.org","@graph":[{"@type":"WebPage","@id":"https:\/\/parkourdortmund.de\/mitglied\/","url":"https:\/\/parkourdortmund.de\/mitglied\/","name":"Mitglied werden - Parkour Dortmund e.V.","isPartOf":{"@id":"https:\/\/parkourdortmund.de\/#website"},"primaryImageOfPage":{"@id":"https:\/\/parkourdortmund.de\/mitglied\/#primaryimage"},"image":{"@id":"https:\/\/parkourdortmund.de\/mitglied\/#primaryimage"},"thumbnailUrl":"https:\/\/parkourdortmund.de\/wp-content\/uploads\/2021\/03\/P1088506-1024x683.jpg","datePublished":"2021-02-24T15:40:04+00:00","dateModified":"2023-09-17T12:00:54+00:00","breadcrumb":{"@id":"https:\/\/parkourdortmund.de\/mitglied\/#breadcrumb"},"inLanguage":"en-US","potentialAction":[{"@type":"ReadAction","target":["https:\/\/parkourdortmund.de\/mitglied\/"]}]},{"@type":"ImageObject","inLanguage":"en-US","@id":"https:\/\/parkourdortmund.de\/mitglied\/#primaryimage","url":"https:\/\/parkourdortmund.de\/wp-content\/uploads\/2021\/03\/P1088506-1024x683.jpg","contentUrl":"https:\/\/parkourdortmund.de\/wp-content\/uploads\/2021\/03\/P1088506-1024x683.jpg"},{"@type":"BreadcrumbList","@id":"https:\/\/parkourdortmund.de\/mitglied\/#breadcrumb","itemListElement":[{"@type":"ListItem","position":1,"name":"Startseite","item":"https:\/\/parkourdortmund.de\/"},{"@type":"ListItem","position":2,"name":"Mitglied werden"}]},{"@type":"WebSite","@id":"https:\/\/parkourdortmund.de\/#website","url":"https:\/\/parkourdortmund.de\/","name":"Parkour Dortmund e.V.","description":"","publisher":{"@id":"https:\/\/parkourdortmund.de\/#organization"},"potentialAction":[{"@type":"SearchAction","target":{"@type":"EntryPoint","urlTemplate":"https:\/\/parkourdortmund.de\/?s={search_term_string}"},"query-input":{"@type":"PropertyValueSpecification","valueRequired":true,"valueName":"search_term_string"}}],"inLanguage":"en-US"},{"@type":"Organization","@id":"https:\/\/parkourdortmund.de\/#organization","name":"Parkour Dortmund e.V.","url":"https:\/\/parkourdortmund.de\/","logo":{"@type":"ImageObject","inLanguage":"en-US","@id":"https:\/\/parkourdortmund.de\/#\/schema\/logo\/image\/","url":"https:\/\/parkourdortmund.de\/wp-content\/uploads\/2021\/02\/pkdo_logo.png","contentUrl":"https:\/\/parkourdortmund.de\/wp-content\/uploads\/2021\/02\/pkdo_logo.png","width":834,"height":300,"caption":"Parkour Dortmund e.V."},"image":{"@id":"https:\/\/parkourdortmund.de\/#\/schema\/logo\/image\/"}}]}},"_links":{"self":[{"href":"https:\/\/parkourdortmund.de\/en\/wp-json\/wp\/v2\/pages\/230","targetHints":{"allow":["GET"]}}],"collection":[{"href":"https:\/\/parkourdortmund.de\/en\/wp-json\/wp\/v2\/pages"}],"about":[{"href":"https:\/\/parkourdortmund.de\/en\/wp-json\/wp\/v2\/types\/page"}],"author":[{"embeddable":true,"href":"https:\/\/parkourdortmund.de\/en\/wp-json\/wp\/v2\/users\/3"}],"replies":[{"embeddable":true,"href":"https:\/\/parkourdortmund.de\/en\/wp-json\/wp\/v2\/comments?post=230"}],"version-history":[{"count":12,"href":"https:\/\/parkourdortmund.de\/en\/wp-json\/wp\/v2\/pages\/230\/revisions"}],"predecessor-version":[{"id":909,"href":"https:\/\/parkourdortmund.de\/en\/wp-json\/wp\/v2\/pages\/230\/revisions\/909"}],"wp:attachment":[{"href":"https:\/\/parkourdortmund.de\/en\/wp-json\/wp\/v2\/media?parent=230"}],"curies":[{"name":"wp","href":"https:\/\/api.w.org\/{rel}","templated":true}]}}