{"id":238,"date":"2021-02-24T16:01:48","date_gmt":"2021-02-24T16:01:48","guid":{"rendered":"https:\/\/parkourdortmund.de\/?page_id=238"},"modified":"2021-04-08T19:50:31","modified_gmt":"2021-04-08T19:50:31","slug":"das-sind-wir","status":"publish","type":"page","link":"https:\/\/parkourdortmund.de\/en\/das-sind-wir\/","title":{"rendered":"This is us"},"content":{"rendered":"<div class=\"wp-block-columns alignwide is-layout-flex wp-container-core-columns-is-layout-9d6595d7 wp-block-columns-is-layout-flex\">\n<div class=\"wp-block-column is-layout-flow wp-block-column-is-layout-flow\"><\/div>\n<\/div>\n\n\n\n<div class=\"wp-block-media-text alignwide is-stacked-on-mobile\" style=\"grid-template-columns:15% auto\"><figure class=\"wp-block-media-text__media\"><img loading=\"lazy\" decoding=\"async\" width=\"521\" height=\"843\" src=\"https:\/\/parkourdortmund.de\/wp-content\/uploads\/2021\/03\/TestbildSerhiy.jpg\" alt=\"\" class=\"wp-image-387 size-full\" srcset=\"https:\/\/parkourdortmund.de\/wp-content\/uploads\/2021\/03\/TestbildSerhiy.jpg 521w, https:\/\/parkourdortmund.de\/wp-content\/uploads\/2021\/03\/TestbildSerhiy-185x300.jpg 185w\" sizes=\"auto, (max-width: 521px) 100vw, 521px\" \/><\/figure><div class=\"wp-block-media-text__content\">\n<p>Hi, I'm Serhiy and I've been in parkour since 2009. I like to move and do it in the most creative way possible. I like to feel free in my movement and always surpass my own limits. And that's exactly what Parkour offers me. In the association I am a board member and responsible for IT and finances.\u00a0<\/p>\n<\/div><\/div>\n\n\n\n<div class=\"wp-block-media-text alignwide is-stacked-on-mobile\" style=\"grid-template-columns:15% auto\"><figure class=\"wp-block-media-text__media\"><img loading=\"lazy\" decoding=\"async\" width=\"769\" height=\"1024\" src=\"https:\/\/parkourdortmund.de\/wp-content\/uploads\/2021\/03\/P1088226-769x1024.jpg\" alt=\"\" class=\"wp-image-362 size-full\" srcset=\"https:\/\/parkourdortmund.de\/wp-content\/uploads\/2021\/03\/P1088226-769x1024.jpg 769w, https:\/\/parkourdortmund.de\/wp-content\/uploads\/2021\/03\/P1088226-225x300.jpg 225w, https:\/\/parkourdortmund.de\/wp-content\/uploads\/2021\/03\/P1088226-768x1023.jpg 768w, https:\/\/parkourdortmund.de\/wp-content\/uploads\/2021\/03\/P1088226-1154x1536.jpg 1154w, https:\/\/parkourdortmund.de\/wp-content\/uploads\/2021\/03\/P1088226-1538x2048.jpg 1538w, https:\/\/parkourdortmund.de\/wp-content\/uploads\/2021\/03\/P1088226-1200x1598.jpg 1200w, https:\/\/parkourdortmund.de\/wp-content\/uploads\/2021\/03\/P1088226-1980x2636.jpg 1980w, https:\/\/parkourdortmund.de\/wp-content\/uploads\/2021\/03\/P1088226-scaled.jpg 1923w\" sizes=\"auto, (max-width: 769px) 100vw, 769px\" \/><\/figure><div class=\"wp-block-media-text__content\">\n<p>I'm Max and I've been doing parkour since 2011. I love the sport because of the mutual respect during training and the awareness for the use of your environment. Everyone has their own level and you can still have a super awesome workout together because everyone supports each other. No one has to be better than the other. For me, that's something you probably only find in a few sports. Among other things, in the last 3 years I was in our club as a coach and I am responsible for our photo &amp; video content.<\/p>\n<\/div><\/div>\n\n\n\n<div class=\"wp-block-media-text alignwide is-stacked-on-mobile\" style=\"grid-template-columns:15% auto\"><figure class=\"wp-block-media-text__media\"><img loading=\"lazy\" decoding=\"async\" width=\"713\" height=\"1018\" src=\"https:\/\/parkourdortmund.de\/wp-content\/uploads\/2021\/03\/TestbildMira.jpg\" alt=\"\" class=\"wp-image-354 size-full\" srcset=\"https:\/\/parkourdortmund.de\/wp-content\/uploads\/2021\/03\/TestbildMira.jpg 713w, https:\/\/parkourdortmund.de\/wp-content\/uploads\/2021\/03\/TestbildMira-210x300.jpg 210w\" sizes=\"auto, (max-width: 713px) 100vw, 713px\" \/><\/figure><div class=\"wp-block-media-text__content\">\n<p>I'm Mira and I've been jumping around Dortmund with my Parkourfamily for 9 years now. From the very first day I was fascinated by the cohesion, the non-competitiveness and the creative movements. With increasing experience, I made an exercise instructor-C certificate to be able to pass on the values and the unique pedagogical style of knowledge transfer of our training. The co-founding of Parkour Dortmund e. V. was a matter of the heart for me. Since 2020 I am living in Greece and I am involved in networking the Greek-German Parkour community and planning joint events.<\/p>\n<\/div><\/div>\n\n\n\n<div class=\"wp-block-media-text alignwide is-stacked-on-mobile\" style=\"grid-template-columns:15% auto\"><figure class=\"wp-block-media-text__media\"><img loading=\"lazy\" decoding=\"async\" width=\"768\" height=\"1024\" src=\"https:\/\/parkourdortmund.de\/wp-content\/uploads\/2021\/03\/P1088229-768x1024.jpg\" alt=\"\" class=\"wp-image-365 size-full\" srcset=\"https:\/\/parkourdortmund.de\/wp-content\/uploads\/2021\/03\/P1088229-768x1024.jpg 768w, https:\/\/parkourdortmund.de\/wp-content\/uploads\/2021\/03\/P1088229-225x300.jpg 225w, https:\/\/parkourdortmund.de\/wp-content\/uploads\/2021\/03\/P1088229-1152x1536.jpg 1152w, https:\/\/parkourdortmund.de\/wp-content\/uploads\/2021\/03\/P1088229-1536x2048.jpg 1536w, https:\/\/parkourdortmund.de\/wp-content\/uploads\/2021\/03\/P1088229-1200x1600.jpg 1200w, https:\/\/parkourdortmund.de\/wp-content\/uploads\/2021\/03\/P1088229-1980x2640.jpg 1980w, https:\/\/parkourdortmund.de\/wp-content\/uploads\/2021\/03\/P1088229-scaled.jpg 1920w\" sizes=\"auto, (max-width: 768px) 100vw, 768px\" \/><\/figure><div class=\"wp-block-media-text__content\">\n<p>Hey, I'm Faby and I've been training parkour and freerunning since summer 2008. Especially the possibility in Parkour to move freely, creatively and fluidly fascinates me a lot. Over the years, parkour has not only remained my passion, but has also become a large part of my profession. Besides running workshops and courses, I take care of our club's Facebook &amp; Instagram pages and organizational stuff, like setting up our Winter Parkour Conventions.<\/p>\n<\/div><\/div>\n\n\n\n<div class=\"wp-block-media-text alignwide is-stacked-on-mobile\" style=\"grid-template-columns:15% auto\"><figure class=\"wp-block-media-text__media\"><img loading=\"lazy\" decoding=\"async\" width=\"768\" height=\"1024\" src=\"https:\/\/parkourdortmund.de\/wp-content\/uploads\/2021\/03\/P1088221-768x1024.jpg\" alt=\"\" class=\"wp-image-366 size-full\" srcset=\"https:\/\/parkourdortmund.de\/wp-content\/uploads\/2021\/03\/P1088221-768x1024.jpg 768w, https:\/\/parkourdortmund.de\/wp-content\/uploads\/2021\/03\/P1088221-225x300.jpg 225w, https:\/\/parkourdortmund.de\/wp-content\/uploads\/2021\/03\/P1088221-1152x1536.jpg 1152w, https:\/\/parkourdortmund.de\/wp-content\/uploads\/2021\/03\/P1088221-1536x2048.jpg 1536w, https:\/\/parkourdortmund.de\/wp-content\/uploads\/2021\/03\/P1088221-1200x1600.jpg 1200w, https:\/\/parkourdortmund.de\/wp-content\/uploads\/2021\/03\/P1088221-1980x2640.jpg 1980w, https:\/\/parkourdortmund.de\/wp-content\/uploads\/2021\/03\/P1088221-scaled.jpg 1920w\" sizes=\"auto, (max-width: 768px) 100vw, 768px\" \/><\/figure><div class=\"wp-block-media-text__content\">\n<p>Hi, I'm Tim or Timmy aka \"Ma Boi\". I've been training parkour since around 2010 and what fascinates me the most is the \"flow\" of combining different parkour jumps, as well as the many different styles you can take when training. The biggest highlights for me are always the trips in smaller groups to new cities and areas to discover new spots.<\/p>\n<\/div><\/div>\n\n\n\n<div class=\"wp-block-media-text alignwide is-stacked-on-mobile\" style=\"grid-template-columns:15% auto\"><figure class=\"wp-block-media-text__media\"><img loading=\"lazy\" decoding=\"async\" width=\"683\" height=\"1024\" src=\"https:\/\/parkourdortmund.de\/wp-content\/uploads\/2021\/03\/P1088535-1-683x1024.jpg\" alt=\"\" class=\"wp-image-374 size-full\" srcset=\"https:\/\/parkourdortmund.de\/wp-content\/uploads\/2021\/03\/P1088535-1-683x1024.jpg 683w, https:\/\/parkourdortmund.de\/wp-content\/uploads\/2021\/03\/P1088535-1-200x300.jpg 200w, https:\/\/parkourdortmund.de\/wp-content\/uploads\/2021\/03\/P1088535-1-768x1152.jpg 768w, https:\/\/parkourdortmund.de\/wp-content\/uploads\/2021\/03\/P1088535-1-1024x1536.jpg 1024w, https:\/\/parkourdortmund.de\/wp-content\/uploads\/2021\/03\/P1088535-1-1365x2048.jpg 1365w, https:\/\/parkourdortmund.de\/wp-content\/uploads\/2021\/03\/P1088535-1-1200x1800.jpg 1200w, https:\/\/parkourdortmund.de\/wp-content\/uploads\/2021\/03\/P1088535-1-1980x2970.jpg 1980w, https:\/\/parkourdortmund.de\/wp-content\/uploads\/2021\/03\/P1088535-1-scaled.jpg 1706w\" sizes=\"auto, (max-width: 683px) 100vw, 683px\" \/><\/figure><div class=\"wp-block-media-text__content\">\n<p>I'm Thorsten and I've been training Parkour since 2008. What I like about Parkour is the simplicity - just put on your shoes and off you go - and the constant rediscovery of urban space. For a few years now, I have also been passing on my knowledge as a trainer. As a trained circus trainer, I also experiment with bringing Parkour into a circus and artistic framework and, conversely, combining Parkour with elements from these.<\/p>\n<\/div><\/div>\n\n\n\n<div class=\"wp-block-media-text alignwide is-stacked-on-mobile\" style=\"grid-template-columns:15% auto\"><figure class=\"wp-block-media-text__media\"><img loading=\"lazy\" decoding=\"async\" width=\"768\" height=\"1024\" src=\"https:\/\/parkourdortmund.de\/wp-content\/uploads\/2021\/03\/P1088234-768x1024.jpg\" alt=\"\" class=\"wp-image-367 size-full\" srcset=\"https:\/\/parkourdortmund.de\/wp-content\/uploads\/2021\/03\/P1088234-768x1024.jpg 768w, https:\/\/parkourdortmund.de\/wp-content\/uploads\/2021\/03\/P1088234-225x300.jpg 225w, https:\/\/parkourdortmund.de\/wp-content\/uploads\/2021\/03\/P1088234-1152x1536.jpg 1152w, https:\/\/parkourdortmund.de\/wp-content\/uploads\/2021\/03\/P1088234-1536x2048.jpg 1536w, https:\/\/parkourdortmund.de\/wp-content\/uploads\/2021\/03\/P1088234-1200x1600.jpg 1200w, https:\/\/parkourdortmund.de\/wp-content\/uploads\/2021\/03\/P1088234-1980x2640.jpg 1980w, https:\/\/parkourdortmund.de\/wp-content\/uploads\/2021\/03\/P1088234-scaled.jpg 1920w\" sizes=\"auto, (max-width: 768px) 100vw, 768px\" \/><\/figure><div class=\"wp-block-media-text__content\">\n<p>Hi, my name is Thalis and I've been training parkour and freerunning since 2006. The hard training, the unbelievable creativity in appropriating urban spaces and the great freedom of movement are what still fascinate me about Parkour after all this time as much as the first day. For the club I am a board member and responsible for public relations, texts and designs and our beautiful club magazine \"Hopser News\".<\/p>\n<\/div><\/div>","protected":false},"excerpt":{"rendered":"<p>Hi, ich bin Serhiy und ich bin seit 2009 beim Parkour. Ich bewege mich gerne und das auf m\u00f6glichst kreative Art. Ich m\u00f6chte mich dabei in meiner Bewegung frei f\u00fchlen und meine eigenen Grenzen immer wieder \u00fcbertreffen. Und genau das bietet mir Parkour. F\u00fcr den Verein bin ich Vorstandsmitglied und f\u00fcr die IT sowie Finanzen [&hellip;]<\/p>\n","protected":false},"author":3,"featured_media":0,"parent":0,"menu_order":0,"comment_status":"closed","ping_status":"closed","template":"","meta":{"pgc_sgb_lightbox_settings":"","footnotes":""},"class_list":["post-238","page","type-page","status-publish","hentry"],"yoast_head":"<!-- This site is optimized with the Yoast SEO plugin v27.5 - https:\/\/yoast.com\/product\/yoast-seo-wordpress\/ -->\n<title>Das sind wir - Parkour Dortmund e.V.<\/title>\n<meta name=\"robots\" content=\"index, follow, max-snippet:-1, max-image-preview:large, max-video-preview:-1\" \/>\n<link rel=\"canonical\" href=\"https:\/\/parkourdortmund.de\/en\/das-sind-wir\/\" \/>\n<meta property=\"og:locale\" content=\"en_US\" \/>\n<meta property=\"og:type\" content=\"article\" \/>\n<meta property=\"og:title\" content=\"Das sind wir - Parkour Dortmund e.V.\" \/>\n<meta property=\"og:description\" content=\"Hi, ich bin Serhiy und ich bin seit 2009 beim Parkour. Ich bewege mich gerne und das auf m\u00f6glichst kreative Art. Ich m\u00f6chte mich dabei in meiner Bewegung frei f\u00fchlen und meine eigenen Grenzen immer wieder \u00fcbertreffen. Und genau das bietet mir Parkour. F\u00fcr den Verein bin ich Vorstandsmitglied und f\u00fcr die IT sowie Finanzen [&hellip;]\" \/>\n<meta property=\"og:url\" content=\"https:\/\/parkourdortmund.de\/en\/das-sind-wir\/\" \/>\n<meta property=\"og:site_name\" content=\"Parkour Dortmund e.V.\" \/>\n<meta property=\"article:modified_time\" content=\"2021-04-08T19:50:31+00:00\" \/>\n<meta property=\"og:image\" content=\"https:\/\/parkourdortmund.de\/wp-content\/uploads\/2021\/03\/TestbildSerhiy.jpg\" \/>\n<meta name=\"twitter:card\" content=\"summary_large_image\" \/>\n<meta name=\"twitter:label1\" content=\"Est. reading time\" \/>\n\t<meta name=\"twitter:data1\" content=\"3 minutes\" \/>\n<script type=\"application\/ld+json\" class=\"yoast-schema-graph\">{\"@context\":\"https:\\\/\\\/schema.org\",\"@graph\":[{\"@type\":\"WebPage\",\"@id\":\"https:\\\/\\\/parkourdortmund.de\\\/das-sind-wir\\\/\",\"url\":\"https:\\\/\\\/parkourdortmund.de\\\/das-sind-wir\\\/\",\"name\":\"Das sind wir - Parkour Dortmund e.V.\",\"isPartOf\":{\"@id\":\"https:\\\/\\\/parkourdortmund.de\\\/#website\"},\"primaryImageOfPage\":{\"@id\":\"https:\\\/\\\/parkourdortmund.de\\\/das-sind-wir\\\/#primaryimage\"},\"image\":{\"@id\":\"https:\\\/\\\/parkourdortmund.de\\\/das-sind-wir\\\/#primaryimage\"},\"thumbnailUrl\":\"https:\\\/\\\/parkourdortmund.de\\\/wp-content\\\/uploads\\\/2021\\\/03\\\/TestbildSerhiy.jpg\",\"datePublished\":\"2021-02-24T16:01:48+00:00\",\"dateModified\":\"2021-04-08T19:50:31+00:00\",\"breadcrumb\":{\"@id\":\"https:\\\/\\\/parkourdortmund.de\\\/das-sind-wir\\\/#breadcrumb\"},\"inLanguage\":\"en-US\",\"potentialAction\":[{\"@type\":\"ReadAction\",\"target\":[\"https:\\\/\\\/parkourdortmund.de\\\/das-sind-wir\\\/\"]}]},{\"@type\":\"ImageObject\",\"inLanguage\":\"en-US\",\"@id\":\"https:\\\/\\\/parkourdortmund.de\\\/das-sind-wir\\\/#primaryimage\",\"url\":\"https:\\\/\\\/parkourdortmund.de\\\/wp-content\\\/uploads\\\/2021\\\/03\\\/TestbildSerhiy.jpg\",\"contentUrl\":\"https:\\\/\\\/parkourdortmund.de\\\/wp-content\\\/uploads\\\/2021\\\/03\\\/TestbildSerhiy.jpg\"},{\"@type\":\"BreadcrumbList\",\"@id\":\"https:\\\/\\\/parkourdortmund.de\\\/das-sind-wir\\\/#breadcrumb\",\"itemListElement\":[{\"@type\":\"ListItem\",\"position\":1,\"name\":\"Startseite\",\"item\":\"https:\\\/\\\/parkourdortmund.de\\\/\"},{\"@type\":\"ListItem\",\"position\":2,\"name\":\"Das sind wir\"}]},{\"@type\":\"WebSite\",\"@id\":\"https:\\\/\\\/parkourdortmund.de\\\/#website\",\"url\":\"https:\\\/\\\/parkourdortmund.de\\\/\",\"name\":\"Parkour Dortmund e.V.\",\"description\":\"\",\"publisher\":{\"@id\":\"https:\\\/\\\/parkourdortmund.de\\\/#organization\"},\"potentialAction\":[{\"@type\":\"SearchAction\",\"target\":{\"@type\":\"EntryPoint\",\"urlTemplate\":\"https:\\\/\\\/parkourdortmund.de\\\/?s={search_term_string}\"},\"query-input\":{\"@type\":\"PropertyValueSpecification\",\"valueRequired\":true,\"valueName\":\"search_term_string\"}}],\"inLanguage\":\"en-US\"},{\"@type\":\"Organization\",\"@id\":\"https:\\\/\\\/parkourdortmund.de\\\/#organization\",\"name\":\"Parkour Dortmund e.V.\",\"url\":\"https:\\\/\\\/parkourdortmund.de\\\/\",\"logo\":{\"@type\":\"ImageObject\",\"inLanguage\":\"en-US\",\"@id\":\"https:\\\/\\\/parkourdortmund.de\\\/#\\\/schema\\\/logo\\\/image\\\/\",\"url\":\"https:\\\/\\\/parkourdortmund.de\\\/wp-content\\\/uploads\\\/2021\\\/02\\\/pkdo_logo.png\",\"contentUrl\":\"https:\\\/\\\/parkourdortmund.de\\\/wp-content\\\/uploads\\\/2021\\\/02\\\/pkdo_logo.png\",\"width\":834,\"height\":300,\"caption\":\"Parkour Dortmund e.V.\"},\"image\":{\"@id\":\"https:\\\/\\\/parkourdortmund.de\\\/#\\\/schema\\\/logo\\\/image\\\/\"}}]}<\/script>\n<!-- \/ Yoast SEO plugin. -->","yoast_head_json":{"title":"Das sind wir - Parkour Dortmund e.V.","robots":{"index":"index","follow":"follow","max-snippet":"max-snippet:-1","max-image-preview":"max-image-preview:large","max-video-preview":"max-video-preview:-1"},"canonical":"https:\/\/parkourdortmund.de\/en\/das-sind-wir\/","og_locale":"en_US","og_type":"article","og_title":"Das sind wir - Parkour Dortmund e.V.","og_description":"Hi, ich bin Serhiy und ich bin seit 2009 beim Parkour. Ich bewege mich gerne und das auf m\u00f6glichst kreative Art. Ich m\u00f6chte mich dabei in meiner Bewegung frei f\u00fchlen und meine eigenen Grenzen immer wieder \u00fcbertreffen. Und genau das bietet mir Parkour. F\u00fcr den Verein bin ich Vorstandsmitglied und f\u00fcr die IT sowie Finanzen [&hellip;]","og_url":"https:\/\/parkourdortmund.de\/en\/das-sind-wir\/","og_site_name":"Parkour Dortmund e.V.","article_modified_time":"2021-04-08T19:50:31+00:00","og_image":[{"url":"https:\/\/parkourdortmund.de\/wp-content\/uploads\/2021\/03\/TestbildSerhiy.jpg","type":"","width":"","height":""}],"twitter_card":"summary_large_image","twitter_misc":{"Est. reading time":"3 minutes"},"schema":{"@context":"https:\/\/schema.org","@graph":[{"@type":"WebPage","@id":"https:\/\/parkourdortmund.de\/das-sind-wir\/","url":"https:\/\/parkourdortmund.de\/das-sind-wir\/","name":"Das sind wir - Parkour Dortmund e.V.","isPartOf":{"@id":"https:\/\/parkourdortmund.de\/#website"},"primaryImageOfPage":{"@id":"https:\/\/parkourdortmund.de\/das-sind-wir\/#primaryimage"},"image":{"@id":"https:\/\/parkourdortmund.de\/das-sind-wir\/#primaryimage"},"thumbnailUrl":"https:\/\/parkourdortmund.de\/wp-content\/uploads\/2021\/03\/TestbildSerhiy.jpg","datePublished":"2021-02-24T16:01:48+00:00","dateModified":"2021-04-08T19:50:31+00:00","breadcrumb":{"@id":"https:\/\/parkourdortmund.de\/das-sind-wir\/#breadcrumb"},"inLanguage":"en-US","potentialAction":[{"@type":"ReadAction","target":["https:\/\/parkourdortmund.de\/das-sind-wir\/"]}]},{"@type":"ImageObject","inLanguage":"en-US","@id":"https:\/\/parkourdortmund.de\/das-sind-wir\/#primaryimage","url":"https:\/\/parkourdortmund.de\/wp-content\/uploads\/2021\/03\/TestbildSerhiy.jpg","contentUrl":"https:\/\/parkourdortmund.de\/wp-content\/uploads\/2021\/03\/TestbildSerhiy.jpg"},{"@type":"BreadcrumbList","@id":"https:\/\/parkourdortmund.de\/das-sind-wir\/#breadcrumb","itemListElement":[{"@type":"ListItem","position":1,"name":"Startseite","item":"https:\/\/parkourdortmund.de\/"},{"@type":"ListItem","position":2,"name":"Das sind wir"}]},{"@type":"WebSite","@id":"https:\/\/parkourdortmund.de\/#website","url":"https:\/\/parkourdortmund.de\/","name":"Parkour Dortmund e.V.","description":"","publisher":{"@id":"https:\/\/parkourdortmund.de\/#organization"},"potentialAction":[{"@type":"SearchAction","target":{"@type":"EntryPoint","urlTemplate":"https:\/\/parkourdortmund.de\/?s={search_term_string}"},"query-input":{"@type":"PropertyValueSpecification","valueRequired":true,"valueName":"search_term_string"}}],"inLanguage":"en-US"},{"@type":"Organization","@id":"https:\/\/parkourdortmund.de\/#organization","name":"Parkour Dortmund e.V.","url":"https:\/\/parkourdortmund.de\/","logo":{"@type":"ImageObject","inLanguage":"en-US","@id":"https:\/\/parkourdortmund.de\/#\/schema\/logo\/image\/","url":"https:\/\/parkourdortmund.de\/wp-content\/uploads\/2021\/02\/pkdo_logo.png","contentUrl":"https:\/\/parkourdortmund.de\/wp-content\/uploads\/2021\/02\/pkdo_logo.png","width":834,"height":300,"caption":"Parkour Dortmund e.V."},"image":{"@id":"https:\/\/parkourdortmund.de\/#\/schema\/logo\/image\/"}}]}},"_links":{"self":[{"href":"https:\/\/parkourdortmund.de\/en\/wp-json\/wp\/v2\/pages\/238","targetHints":{"allow":["GET"]}}],"collection":[{"href":"https:\/\/parkourdortmund.de\/en\/wp-json\/wp\/v2\/pages"}],"about":[{"href":"https:\/\/parkourdortmund.de\/en\/wp-json\/wp\/v2\/types\/page"}],"author":[{"embeddable":true,"href":"https:\/\/parkourdortmund.de\/en\/wp-json\/wp\/v2\/users\/3"}],"replies":[{"embeddable":true,"href":"https:\/\/parkourdortmund.de\/en\/wp-json\/wp\/v2\/comments?post=238"}],"version-history":[{"count":26,"href":"https:\/\/parkourdortmund.de\/en\/wp-json\/wp\/v2\/pages\/238\/revisions"}],"predecessor-version":[{"id":505,"href":"https:\/\/parkourdortmund.de\/en\/wp-json\/wp\/v2\/pages\/238\/revisions\/505"}],"wp:attachment":[{"href":"https:\/\/parkourdortmund.de\/en\/wp-json\/wp\/v2\/media?parent=238"}],"curies":[{"name":"wp","href":"https:\/\/api.w.org\/{rel}","templated":true}]}}