{"id":308,"date":"2021-03-15T17:08:00","date_gmt":"2021-03-15T17:08:00","guid":{"rendered":"https:\/\/parkourdortmund.de\/?page_id=308"},"modified":"2023-09-17T11:18:53","modified_gmt":"2023-09-17T11:18:53","slug":"unser-leitbild","status":"publish","type":"page","link":"https:\/\/parkourdortmund.de\/en\/unser-leitbild\/","title":{"rendered":"Our mission statement"},"content":{"rendered":"<figure class=\"wp-block-image size-large\"><img loading=\"lazy\" decoding=\"async\" width=\"1024\" height=\"683\" src=\"https:\/\/parkourdortmund.de\/wp-content\/uploads\/2021\/03\/P1088569-1024x683.jpg\" alt=\"\" class=\"wp-image-334\" srcset=\"https:\/\/parkourdortmund.de\/wp-content\/uploads\/2021\/03\/P1088569-1024x683.jpg 1024w, https:\/\/parkourdortmund.de\/wp-content\/uploads\/2021\/03\/P1088569-300x200.jpg 300w, https:\/\/parkourdortmund.de\/wp-content\/uploads\/2021\/03\/P1088569-768x512.jpg 768w, https:\/\/parkourdortmund.de\/wp-content\/uploads\/2021\/03\/P1088569-1536x1024.jpg 1536w, https:\/\/parkourdortmund.de\/wp-content\/uploads\/2021\/03\/P1088569-2048x1365.jpg 2048w, https:\/\/parkourdortmund.de\/wp-content\/uploads\/2021\/03\/P1088569-1200x800.jpg 1200w, https:\/\/parkourdortmund.de\/wp-content\/uploads\/2021\/03\/P1088569-1980x1320.jpg 1980w\" sizes=\"auto, (max-width: 1024px) 100vw, 1024px\" \/><\/figure>\n\n\n\n<p>As Parkour Dortmund e. V., we are committed to promoting and developing parkour and freerunning as sports in the city of Dortmund. Therefore, we work with municipal institutions, social sponsors and sports associations to make the sport better known in and around Dortmund and to design new training locations in public spaces.<\/p>\n\n\n\n<p>In addition, we encourage the next generation of athletes and the education of trainers for parkour and freerunning offers. Regular indoor and outdoor trainings serve as an introduction for people interested in parkour, the further development of individual skills and networking among each other.<\/p>\n\n\n\n<p>You can also check the purposes of our association in our <a href=\"https:\/\/parkourdortmund.de\/wp-content\/uploads\/2021\/04\/Satzung_Parkour_Dortmund_LSB_20191203.pdf\" target=\"_blank\" rel=\"noreferrer noopener\">statutes (in german language)<\/a> .<\/p>","protected":false},"excerpt":{"rendered":"<p>Wir stehen als Parkour Dortmund e. V. daf\u00fcr ein, Parkour und Freerunning als Sportarten in der Stadt Dortmund zu f\u00f6rdern und weiterzuentwickeln. Dazu arbeiten wir mit kommunalen Institutionen, sozialen Tr\u00e4gern und Sportverb\u00e4nden zusammen, um in und um Dortmund den Sport bekannter zu machen und neue Trainingsorte im \u00f6ffentlichen Raum zu gestalten. Dar\u00fcberhinaus f\u00f6rdern wir den [&hellip;]<\/p>\n","protected":false},"author":3,"featured_media":0,"parent":0,"menu_order":0,"comment_status":"closed","ping_status":"closed","template":"","meta":{"pgc_sgb_lightbox_settings":"","footnotes":""},"class_list":["post-308","page","type-page","status-publish","hentry"],"yoast_head":"<!-- This site is optimized with the Yoast SEO plugin v27.5 - https:\/\/yoast.com\/product\/yoast-seo-wordpress\/ -->\n<title>Unser Leitbild - Parkour Dortmund e.V.<\/title>\n<meta name=\"robots\" content=\"index, follow, max-snippet:-1, max-image-preview:large, max-video-preview:-1\" \/>\n<link rel=\"canonical\" href=\"https:\/\/parkourdortmund.de\/en\/unser-leitbild\/\" \/>\n<meta property=\"og:locale\" content=\"en_US\" \/>\n<meta property=\"og:type\" content=\"article\" \/>\n<meta property=\"og:title\" content=\"Unser Leitbild - Parkour Dortmund e.V.\" \/>\n<meta property=\"og:description\" content=\"Wir stehen als Parkour Dortmund e. V. daf\u00fcr ein, Parkour und Freerunning als Sportarten in der Stadt Dortmund zu f\u00f6rdern und weiterzuentwickeln. Dazu arbeiten wir mit kommunalen Institutionen, sozialen Tr\u00e4gern und Sportverb\u00e4nden zusammen, um in und um Dortmund den Sport bekannter zu machen und neue Trainingsorte im \u00f6ffentlichen Raum zu gestalten. Dar\u00fcberhinaus f\u00f6rdern wir den [&hellip;]\" \/>\n<meta property=\"og:url\" content=\"https:\/\/parkourdortmund.de\/en\/unser-leitbild\/\" \/>\n<meta property=\"og:site_name\" content=\"Parkour Dortmund e.V.\" \/>\n<meta property=\"article:modified_time\" content=\"2023-09-17T11:18:53+00:00\" \/>\n<meta property=\"og:image\" content=\"https:\/\/parkourdortmund.de\/wp-content\/uploads\/2021\/03\/P1088569-1024x683.jpg\" \/>\n<meta name=\"twitter:card\" content=\"summary_large_image\" \/>\n<meta name=\"twitter:label1\" content=\"Est. reading time\" \/>\n\t<meta name=\"twitter:data1\" content=\"1 minute\" \/>\n<script type=\"application\/ld+json\" class=\"yoast-schema-graph\">{\"@context\":\"https:\\\/\\\/schema.org\",\"@graph\":[{\"@type\":\"WebPage\",\"@id\":\"https:\\\/\\\/parkourdortmund.de\\\/unser-leitbild\\\/\",\"url\":\"https:\\\/\\\/parkourdortmund.de\\\/unser-leitbild\\\/\",\"name\":\"Unser Leitbild - Parkour Dortmund e.V.\",\"isPartOf\":{\"@id\":\"https:\\\/\\\/parkourdortmund.de\\\/#website\"},\"primaryImageOfPage\":{\"@id\":\"https:\\\/\\\/parkourdortmund.de\\\/unser-leitbild\\\/#primaryimage\"},\"image\":{\"@id\":\"https:\\\/\\\/parkourdortmund.de\\\/unser-leitbild\\\/#primaryimage\"},\"thumbnailUrl\":\"https:\\\/\\\/parkourdortmund.de\\\/wp-content\\\/uploads\\\/2021\\\/03\\\/P1088569-1024x683.jpg\",\"datePublished\":\"2021-03-15T17:08:00+00:00\",\"dateModified\":\"2023-09-17T11:18:53+00:00\",\"breadcrumb\":{\"@id\":\"https:\\\/\\\/parkourdortmund.de\\\/unser-leitbild\\\/#breadcrumb\"},\"inLanguage\":\"en-US\",\"potentialAction\":[{\"@type\":\"ReadAction\",\"target\":[\"https:\\\/\\\/parkourdortmund.de\\\/unser-leitbild\\\/\"]}]},{\"@type\":\"ImageObject\",\"inLanguage\":\"en-US\",\"@id\":\"https:\\\/\\\/parkourdortmund.de\\\/unser-leitbild\\\/#primaryimage\",\"url\":\"https:\\\/\\\/parkourdortmund.de\\\/wp-content\\\/uploads\\\/2021\\\/03\\\/P1088569-1024x683.jpg\",\"contentUrl\":\"https:\\\/\\\/parkourdortmund.de\\\/wp-content\\\/uploads\\\/2021\\\/03\\\/P1088569-1024x683.jpg\"},{\"@type\":\"BreadcrumbList\",\"@id\":\"https:\\\/\\\/parkourdortmund.de\\\/unser-leitbild\\\/#breadcrumb\",\"itemListElement\":[{\"@type\":\"ListItem\",\"position\":1,\"name\":\"Startseite\",\"item\":\"https:\\\/\\\/parkourdortmund.de\\\/\"},{\"@type\":\"ListItem\",\"position\":2,\"name\":\"Unser Leitbild\"}]},{\"@type\":\"WebSite\",\"@id\":\"https:\\\/\\\/parkourdortmund.de\\\/#website\",\"url\":\"https:\\\/\\\/parkourdortmund.de\\\/\",\"name\":\"Parkour Dortmund e.V.\",\"description\":\"\",\"publisher\":{\"@id\":\"https:\\\/\\\/parkourdortmund.de\\\/#organization\"},\"potentialAction\":[{\"@type\":\"SearchAction\",\"target\":{\"@type\":\"EntryPoint\",\"urlTemplate\":\"https:\\\/\\\/parkourdortmund.de\\\/?s={search_term_string}\"},\"query-input\":{\"@type\":\"PropertyValueSpecification\",\"valueRequired\":true,\"valueName\":\"search_term_string\"}}],\"inLanguage\":\"en-US\"},{\"@type\":\"Organization\",\"@id\":\"https:\\\/\\\/parkourdortmund.de\\\/#organization\",\"name\":\"Parkour Dortmund e.V.\",\"url\":\"https:\\\/\\\/parkourdortmund.de\\\/\",\"logo\":{\"@type\":\"ImageObject\",\"inLanguage\":\"en-US\",\"@id\":\"https:\\\/\\\/parkourdortmund.de\\\/#\\\/schema\\\/logo\\\/image\\\/\",\"url\":\"https:\\\/\\\/parkourdortmund.de\\\/wp-content\\\/uploads\\\/2021\\\/02\\\/pkdo_logo.png\",\"contentUrl\":\"https:\\\/\\\/parkourdortmund.de\\\/wp-content\\\/uploads\\\/2021\\\/02\\\/pkdo_logo.png\",\"width\":834,\"height\":300,\"caption\":\"Parkour Dortmund e.V.\"},\"image\":{\"@id\":\"https:\\\/\\\/parkourdortmund.de\\\/#\\\/schema\\\/logo\\\/image\\\/\"}}]}<\/script>\n<!-- \/ Yoast SEO plugin. -->","yoast_head_json":{"title":"Unser Leitbild - Parkour Dortmund e.V.","robots":{"index":"index","follow":"follow","max-snippet":"max-snippet:-1","max-image-preview":"max-image-preview:large","max-video-preview":"max-video-preview:-1"},"canonical":"https:\/\/parkourdortmund.de\/en\/unser-leitbild\/","og_locale":"en_US","og_type":"article","og_title":"Unser Leitbild - Parkour Dortmund e.V.","og_description":"Wir stehen als Parkour Dortmund e. V. daf\u00fcr ein, Parkour und Freerunning als Sportarten in der Stadt Dortmund zu f\u00f6rdern und weiterzuentwickeln. Dazu arbeiten wir mit kommunalen Institutionen, sozialen Tr\u00e4gern und Sportverb\u00e4nden zusammen, um in und um Dortmund den Sport bekannter zu machen und neue Trainingsorte im \u00f6ffentlichen Raum zu gestalten. Dar\u00fcberhinaus f\u00f6rdern wir den [&hellip;]","og_url":"https:\/\/parkourdortmund.de\/en\/unser-leitbild\/","og_site_name":"Parkour Dortmund e.V.","article_modified_time":"2023-09-17T11:18:53+00:00","og_image":[{"url":"https:\/\/parkourdortmund.de\/wp-content\/uploads\/2021\/03\/P1088569-1024x683.jpg","type":"","width":"","height":""}],"twitter_card":"summary_large_image","twitter_misc":{"Est. reading time":"1 minute"},"schema":{"@context":"https:\/\/schema.org","@graph":[{"@type":"WebPage","@id":"https:\/\/parkourdortmund.de\/unser-leitbild\/","url":"https:\/\/parkourdortmund.de\/unser-leitbild\/","name":"Unser Leitbild - Parkour Dortmund e.V.","isPartOf":{"@id":"https:\/\/parkourdortmund.de\/#website"},"primaryImageOfPage":{"@id":"https:\/\/parkourdortmund.de\/unser-leitbild\/#primaryimage"},"image":{"@id":"https:\/\/parkourdortmund.de\/unser-leitbild\/#primaryimage"},"thumbnailUrl":"https:\/\/parkourdortmund.de\/wp-content\/uploads\/2021\/03\/P1088569-1024x683.jpg","datePublished":"2021-03-15T17:08:00+00:00","dateModified":"2023-09-17T11:18:53+00:00","breadcrumb":{"@id":"https:\/\/parkourdortmund.de\/unser-leitbild\/#breadcrumb"},"inLanguage":"en-US","potentialAction":[{"@type":"ReadAction","target":["https:\/\/parkourdortmund.de\/unser-leitbild\/"]}]},{"@type":"ImageObject","inLanguage":"en-US","@id":"https:\/\/parkourdortmund.de\/unser-leitbild\/#primaryimage","url":"https:\/\/parkourdortmund.de\/wp-content\/uploads\/2021\/03\/P1088569-1024x683.jpg","contentUrl":"https:\/\/parkourdortmund.de\/wp-content\/uploads\/2021\/03\/P1088569-1024x683.jpg"},{"@type":"BreadcrumbList","@id":"https:\/\/parkourdortmund.de\/unser-leitbild\/#breadcrumb","itemListElement":[{"@type":"ListItem","position":1,"name":"Startseite","item":"https:\/\/parkourdortmund.de\/"},{"@type":"ListItem","position":2,"name":"Unser Leitbild"}]},{"@type":"WebSite","@id":"https:\/\/parkourdortmund.de\/#website","url":"https:\/\/parkourdortmund.de\/","name":"Parkour Dortmund e.V.","description":"","publisher":{"@id":"https:\/\/parkourdortmund.de\/#organization"},"potentialAction":[{"@type":"SearchAction","target":{"@type":"EntryPoint","urlTemplate":"https:\/\/parkourdortmund.de\/?s={search_term_string}"},"query-input":{"@type":"PropertyValueSpecification","valueRequired":true,"valueName":"search_term_string"}}],"inLanguage":"en-US"},{"@type":"Organization","@id":"https:\/\/parkourdortmund.de\/#organization","name":"Parkour Dortmund e.V.","url":"https:\/\/parkourdortmund.de\/","logo":{"@type":"ImageObject","inLanguage":"en-US","@id":"https:\/\/parkourdortmund.de\/#\/schema\/logo\/image\/","url":"https:\/\/parkourdortmund.de\/wp-content\/uploads\/2021\/02\/pkdo_logo.png","contentUrl":"https:\/\/parkourdortmund.de\/wp-content\/uploads\/2021\/02\/pkdo_logo.png","width":834,"height":300,"caption":"Parkour Dortmund e.V."},"image":{"@id":"https:\/\/parkourdortmund.de\/#\/schema\/logo\/image\/"}}]}},"_links":{"self":[{"href":"https:\/\/parkourdortmund.de\/en\/wp-json\/wp\/v2\/pages\/308","targetHints":{"allow":["GET"]}}],"collection":[{"href":"https:\/\/parkourdortmund.de\/en\/wp-json\/wp\/v2\/pages"}],"about":[{"href":"https:\/\/parkourdortmund.de\/en\/wp-json\/wp\/v2\/types\/page"}],"author":[{"embeddable":true,"href":"https:\/\/parkourdortmund.de\/en\/wp-json\/wp\/v2\/users\/3"}],"replies":[{"embeddable":true,"href":"https:\/\/parkourdortmund.de\/en\/wp-json\/wp\/v2\/comments?post=308"}],"version-history":[{"count":5,"href":"https:\/\/parkourdortmund.de\/en\/wp-json\/wp\/v2\/pages\/308\/revisions"}],"predecessor-version":[{"id":908,"href":"https:\/\/parkourdortmund.de\/en\/wp-json\/wp\/v2\/pages\/308\/revisions\/908"}],"wp:attachment":[{"href":"https:\/\/parkourdortmund.de\/en\/wp-json\/wp\/v2\/media?parent=308"}],"curies":[{"name":"wp","href":"https:\/\/api.w.org\/{rel}","templated":true}]}}