{"id":736,"date":"2022-08-15T13:52:16","date_gmt":"2022-08-15T13:52:16","guid":{"rendered":"https:\/\/parkourdortmund.de\/?page_id=736"},"modified":"2025-11-30T19:45:02","modified_gmt":"2025-11-30T19:45:02","slug":"aktuelles","status":"publish","type":"page","link":"https:\/\/parkourdortmund.de\/en\/aktuelles\/","title":{"rendered":"News"},"content":{"rendered":"<div class=\"wp-block-query is-layout-flow wp-block-query-is-layout-flow\"><ul class=\"aligncenter wp-block-post-template is-layout-flow wp-block-post-template-is-layout-flow\"><li class=\"wp-block-post post-1064 post type-post status-publish format-standard hentry category-aktuelles\">\n<h2 class=\"has-text-align-center wp-block-post-title\"><a href=\"https:\/\/parkourdortmund.de\/en\/aktuelles\/bis-auf-weiteres-koennen-wir-leider-kein-kindertraining-mehr-anbieten\/\" target=\"_self\" >Bis auf weiteres k\u00f6nnen wir leider kein Kindertraining mehr anbieten!<\/a><\/h2>\n\n\n\n<div class=\"has-text-align-center wp-block-post-excerpt\"><p class=\"wp-block-post-excerpt__excerpt\">Unser Freund und langj\u00e4hriger Trainer des Kinderangebots Fabian zieht es nach Hamburg. Daher k\u00f6nnen wir momentan leider nicht mehr das Kindertraining in der Skatehalle weiterf\u00fchren. Das Jugend- und Erwachsenentraining l\u00e4uft erstmal normal weiter und wird von Silas \u00fcbernommen, der ebenfalls \u00fcber langj\u00e4hrige Erfahrung als Parkourtrainer aus Essen verf\u00fcgt. Wir w\u00fcnschen Fabian einen gelungenen Neustart, viel<\/p><p class=\"wp-block-post-excerpt__more-text\"><a class=\"wp-block-post-excerpt__more-link\" href=\"https:\/\/parkourdortmund.de\/en\/aktuelles\/bis-auf-weiteres-koennen-wir-leider-kein-kindertraining-mehr-anbieten\/\">Weiterlesen<\/a><\/p><\/div>\n\n\n\n\n<hr class=\"wp-block-separator has-css-opacity\"\/>\n\n<\/li><li class=\"wp-block-post post-1043 post type-post status-publish format-standard hentry category-aktuelles\">\n<h2 class=\"has-text-align-center wp-block-post-title\"><a href=\"https:\/\/parkourdortmund.de\/en\/aktuelles\/parkour-convention-2025\/\" target=\"_self\" >Parkour Convention 2025<\/a><\/h2>\n\n\n\n<div class=\"has-text-align-center wp-block-post-excerpt\"><p class=\"wp-block-post-excerpt__excerpt\">Am 29.11.25 von 11-19 Uhr gibt es in der Skatehalle Dortmund wieder ein volles Programm. Weitere Infos:<\/p><p class=\"wp-block-post-excerpt__more-text\"><a class=\"wp-block-post-excerpt__more-link\" href=\"https:\/\/parkourdortmund.de\/en\/aktuelles\/parkour-convention-2025\/\">Weiterlesen<\/a><\/p><\/div>\n\n\n\n\n<hr class=\"wp-block-separator has-css-opacity\"\/>\n\n<\/li><li class=\"wp-block-post post-1055 post type-post status-publish format-standard hentry category-aktuelles\">\n<h2 class=\"has-text-align-center wp-block-post-title\"><a href=\"https:\/\/parkourdortmund.de\/en\/aktuelles\/dortbunt-2025-parkour-jam-am-stadtgarten-dortmund\/\" target=\"_self\" >DortBunt 2025: Parkour Jam am Stadtgarten Dortmund<\/a><\/h2>\n\n\n\n<div class=\"has-text-align-center wp-block-post-excerpt\"><p class=\"wp-block-post-excerpt__excerpt\">Am Samstag, den 03.05.2025 sind wir im Rahmen des Stadtfest DortBunt 2025 mit dem B\u00fcro f\u00fcr Kinder- und Jugendinteressen des Jugendamtes am Stadtgarten Dortmund. Dort gibt es eine fette Parkour Jam f\u00fcr alle Parkourbegeisterten jeden Levels mit Cubes und guter Laune! Wichtig: An diesem Tag finden KEINE Workshops statt! Du solltest also schon ein bisschen<\/p><p class=\"wp-block-post-excerpt__more-text\"><a class=\"wp-block-post-excerpt__more-link\" href=\"https:\/\/parkourdortmund.de\/en\/aktuelles\/dortbunt-2025-parkour-jam-am-stadtgarten-dortmund\/\">Weiterlesen<\/a><\/p><\/div>\n\n\n\n\n<hr class=\"wp-block-separator has-css-opacity\"\/>\n\n<\/li><\/ul><\/div>","protected":false},"excerpt":{"rendered":"","protected":false},"author":1,"featured_media":433,"parent":0,"menu_order":0,"comment_status":"closed","ping_status":"closed","template":"","meta":{"pgc_sgb_lightbox_settings":"","footnotes":""},"class_list":["post-736","page","type-page","status-publish","has-post-thumbnail","hentry"],"yoast_head":"<!-- This site is optimized with the Yoast SEO plugin v27.5 - https:\/\/yoast.com\/product\/yoast-seo-wordpress\/ -->\n<title>Aktuelles - Parkour Dortmund e.V.<\/title>\n<meta name=\"robots\" content=\"index, follow, max-snippet:-1, max-image-preview:large, max-video-preview:-1\" \/>\n<link rel=\"canonical\" href=\"https:\/\/parkourdortmund.de\/en\/aktuelles\/\" \/>\n<meta property=\"og:locale\" content=\"en_US\" \/>\n<meta property=\"og:type\" content=\"article\" \/>\n<meta property=\"og:title\" content=\"Aktuelles - Parkour Dortmund e.V.\" \/>\n<meta property=\"og:url\" content=\"https:\/\/parkourdortmund.de\/en\/aktuelles\/\" \/>\n<meta property=\"og:site_name\" content=\"Parkour Dortmund e.V.\" \/>\n<meta property=\"article:modified_time\" content=\"2025-11-30T19:45:02+00:00\" \/>\n<meta property=\"og:image\" content=\"https:\/\/parkourdortmund.de\/wp-content\/uploads\/2021\/04\/P1088413-scaled-e1617888219984.jpg\" \/>\n\t<meta property=\"og:image:width\" content=\"2560\" \/>\n\t<meta property=\"og:image:height\" content=\"1171\" \/>\n\t<meta property=\"og:image:type\" content=\"image\/jpeg\" \/>\n<meta name=\"twitter:card\" content=\"summary_large_image\" \/>\n<script type=\"application\/ld+json\" class=\"yoast-schema-graph\">{\"@context\":\"https:\\\/\\\/schema.org\",\"@graph\":[{\"@type\":\"WebPage\",\"@id\":\"https:\\\/\\\/parkourdortmund.de\\\/aktuelles\\\/\",\"url\":\"https:\\\/\\\/parkourdortmund.de\\\/aktuelles\\\/\",\"name\":\"Aktuelles - Parkour Dortmund e.V.\",\"isPartOf\":{\"@id\":\"https:\\\/\\\/parkourdortmund.de\\\/#website\"},\"primaryImageOfPage\":{\"@id\":\"https:\\\/\\\/parkourdortmund.de\\\/aktuelles\\\/#primaryimage\"},\"image\":{\"@id\":\"https:\\\/\\\/parkourdortmund.de\\\/aktuelles\\\/#primaryimage\"},\"thumbnailUrl\":\"https:\\\/\\\/parkourdortmund.de\\\/wp-content\\\/uploads\\\/2021\\\/04\\\/P1088413-scaled-e1617888219984.jpg\",\"datePublished\":\"2022-08-15T13:52:16+00:00\",\"dateModified\":\"2025-11-30T19:45:02+00:00\",\"breadcrumb\":{\"@id\":\"https:\\\/\\\/parkourdortmund.de\\\/aktuelles\\\/#breadcrumb\"},\"inLanguage\":\"en-US\",\"potentialAction\":[{\"@type\":\"ReadAction\",\"target\":[\"https:\\\/\\\/parkourdortmund.de\\\/aktuelles\\\/\"]}]},{\"@type\":\"ImageObject\",\"inLanguage\":\"en-US\",\"@id\":\"https:\\\/\\\/parkourdortmund.de\\\/aktuelles\\\/#primaryimage\",\"url\":\"https:\\\/\\\/parkourdortmund.de\\\/wp-content\\\/uploads\\\/2021\\\/04\\\/P1088413-scaled-e1617888219984.jpg\",\"contentUrl\":\"https:\\\/\\\/parkourdortmund.de\\\/wp-content\\\/uploads\\\/2021\\\/04\\\/P1088413-scaled-e1617888219984.jpg\",\"width\":2560,\"height\":1171},{\"@type\":\"BreadcrumbList\",\"@id\":\"https:\\\/\\\/parkourdortmund.de\\\/aktuelles\\\/#breadcrumb\",\"itemListElement\":[{\"@type\":\"ListItem\",\"position\":1,\"name\":\"Startseite\",\"item\":\"https:\\\/\\\/parkourdortmund.de\\\/\"},{\"@type\":\"ListItem\",\"position\":2,\"name\":\"Aktuelles\"}]},{\"@type\":\"WebSite\",\"@id\":\"https:\\\/\\\/parkourdortmund.de\\\/#website\",\"url\":\"https:\\\/\\\/parkourdortmund.de\\\/\",\"name\":\"Parkour Dortmund e.V.\",\"description\":\"\",\"publisher\":{\"@id\":\"https:\\\/\\\/parkourdortmund.de\\\/#organization\"},\"potentialAction\":[{\"@type\":\"SearchAction\",\"target\":{\"@type\":\"EntryPoint\",\"urlTemplate\":\"https:\\\/\\\/parkourdortmund.de\\\/?s={search_term_string}\"},\"query-input\":{\"@type\":\"PropertyValueSpecification\",\"valueRequired\":true,\"valueName\":\"search_term_string\"}}],\"inLanguage\":\"en-US\"},{\"@type\":\"Organization\",\"@id\":\"https:\\\/\\\/parkourdortmund.de\\\/#organization\",\"name\":\"Parkour Dortmund e.V.\",\"url\":\"https:\\\/\\\/parkourdortmund.de\\\/\",\"logo\":{\"@type\":\"ImageObject\",\"inLanguage\":\"en-US\",\"@id\":\"https:\\\/\\\/parkourdortmund.de\\\/#\\\/schema\\\/logo\\\/image\\\/\",\"url\":\"https:\\\/\\\/parkourdortmund.de\\\/wp-content\\\/uploads\\\/2021\\\/02\\\/pkdo_logo.png\",\"contentUrl\":\"https:\\\/\\\/parkourdortmund.de\\\/wp-content\\\/uploads\\\/2021\\\/02\\\/pkdo_logo.png\",\"width\":834,\"height\":300,\"caption\":\"Parkour Dortmund e.V.\"},\"image\":{\"@id\":\"https:\\\/\\\/parkourdortmund.de\\\/#\\\/schema\\\/logo\\\/image\\\/\"}}]}<\/script>\n<!-- \/ Yoast SEO plugin. -->","yoast_head_json":{"title":"Aktuelles - Parkour Dortmund e.V.","robots":{"index":"index","follow":"follow","max-snippet":"max-snippet:-1","max-image-preview":"max-image-preview:large","max-video-preview":"max-video-preview:-1"},"canonical":"https:\/\/parkourdortmund.de\/en\/aktuelles\/","og_locale":"en_US","og_type":"article","og_title":"Aktuelles - Parkour Dortmund e.V.","og_url":"https:\/\/parkourdortmund.de\/en\/aktuelles\/","og_site_name":"Parkour Dortmund e.V.","article_modified_time":"2025-11-30T19:45:02+00:00","og_image":[{"width":2560,"height":1171,"url":"https:\/\/parkourdortmund.de\/wp-content\/uploads\/2021\/04\/P1088413-scaled-e1617888219984.jpg","type":"image\/jpeg"}],"twitter_card":"summary_large_image","schema":{"@context":"https:\/\/schema.org","@graph":[{"@type":"WebPage","@id":"https:\/\/parkourdortmund.de\/aktuelles\/","url":"https:\/\/parkourdortmund.de\/aktuelles\/","name":"Aktuelles - Parkour Dortmund e.V.","isPartOf":{"@id":"https:\/\/parkourdortmund.de\/#website"},"primaryImageOfPage":{"@id":"https:\/\/parkourdortmund.de\/aktuelles\/#primaryimage"},"image":{"@id":"https:\/\/parkourdortmund.de\/aktuelles\/#primaryimage"},"thumbnailUrl":"https:\/\/parkourdortmund.de\/wp-content\/uploads\/2021\/04\/P1088413-scaled-e1617888219984.jpg","datePublished":"2022-08-15T13:52:16+00:00","dateModified":"2025-11-30T19:45:02+00:00","breadcrumb":{"@id":"https:\/\/parkourdortmund.de\/aktuelles\/#breadcrumb"},"inLanguage":"en-US","potentialAction":[{"@type":"ReadAction","target":["https:\/\/parkourdortmund.de\/aktuelles\/"]}]},{"@type":"ImageObject","inLanguage":"en-US","@id":"https:\/\/parkourdortmund.de\/aktuelles\/#primaryimage","url":"https:\/\/parkourdortmund.de\/wp-content\/uploads\/2021\/04\/P1088413-scaled-e1617888219984.jpg","contentUrl":"https:\/\/parkourdortmund.de\/wp-content\/uploads\/2021\/04\/P1088413-scaled-e1617888219984.jpg","width":2560,"height":1171},{"@type":"BreadcrumbList","@id":"https:\/\/parkourdortmund.de\/aktuelles\/#breadcrumb","itemListElement":[{"@type":"ListItem","position":1,"name":"Startseite","item":"https:\/\/parkourdortmund.de\/"},{"@type":"ListItem","position":2,"name":"Aktuelles"}]},{"@type":"WebSite","@id":"https:\/\/parkourdortmund.de\/#website","url":"https:\/\/parkourdortmund.de\/","name":"Parkour Dortmund e.V.","description":"","publisher":{"@id":"https:\/\/parkourdortmund.de\/#organization"},"potentialAction":[{"@type":"SearchAction","target":{"@type":"EntryPoint","urlTemplate":"https:\/\/parkourdortmund.de\/?s={search_term_string}"},"query-input":{"@type":"PropertyValueSpecification","valueRequired":true,"valueName":"search_term_string"}}],"inLanguage":"en-US"},{"@type":"Organization","@id":"https:\/\/parkourdortmund.de\/#organization","name":"Parkour Dortmund e.V.","url":"https:\/\/parkourdortmund.de\/","logo":{"@type":"ImageObject","inLanguage":"en-US","@id":"https:\/\/parkourdortmund.de\/#\/schema\/logo\/image\/","url":"https:\/\/parkourdortmund.de\/wp-content\/uploads\/2021\/02\/pkdo_logo.png","contentUrl":"https:\/\/parkourdortmund.de\/wp-content\/uploads\/2021\/02\/pkdo_logo.png","width":834,"height":300,"caption":"Parkour Dortmund e.V."},"image":{"@id":"https:\/\/parkourdortmund.de\/#\/schema\/logo\/image\/"}}]}},"_links":{"self":[{"href":"https:\/\/parkourdortmund.de\/en\/wp-json\/wp\/v2\/pages\/736","targetHints":{"allow":["GET"]}}],"collection":[{"href":"https:\/\/parkourdortmund.de\/en\/wp-json\/wp\/v2\/pages"}],"about":[{"href":"https:\/\/parkourdortmund.de\/en\/wp-json\/wp\/v2\/types\/page"}],"author":[{"embeddable":true,"href":"https:\/\/parkourdortmund.de\/en\/wp-json\/wp\/v2\/users\/1"}],"replies":[{"embeddable":true,"href":"https:\/\/parkourdortmund.de\/en\/wp-json\/wp\/v2\/comments?post=736"}],"version-history":[{"count":35,"href":"https:\/\/parkourdortmund.de\/en\/wp-json\/wp\/v2\/pages\/736\/revisions"}],"predecessor-version":[{"id":1066,"href":"https:\/\/parkourdortmund.de\/en\/wp-json\/wp\/v2\/pages\/736\/revisions\/1066"}],"wp:featuredmedia":[{"embeddable":true,"href":"https:\/\/parkourdortmund.de\/en\/wp-json\/wp\/v2\/media\/433"}],"wp:attachment":[{"href":"https:\/\/parkourdortmund.de\/en\/wp-json\/wp\/v2\/media?parent=736"}],"curies":[{"name":"wp","href":"https:\/\/api.w.org\/{rel}","templated":true}]}}